{"id":49,"date":"2025-02-13T14:23:39","date_gmt":"2025-02-13T14:23:39","guid":{"rendered":"https:\/\/finovate.vamtam.com\/?page_id=49"},"modified":"2025-11-27T17:48:04","modified_gmt":"2025-11-27T17:48:04","slug":"contact","status":"publish","type":"page","link":"https:\/\/finmetrix.com\/fr\/contact\/","title":{"rendered":"Contact"},"content":{"rendered":"<div data-elementor-type=\"wp-page\" data-elementor-id=\"49\" class=\"elementor elementor-49\" data-elementor-post-type=\"page\">\n\t\t\t\t<div class=\"elementor-element elementor-element-1490ec5 e-flex e-con-boxed e-con e-parent\" data-id=\"1490ec5\" data-element_type=\"container\" data-settings=\"{&quot;background_background&quot;:&quot;classic&quot;}\">\n\t\t\t\t\t<div class=\"e-con-inner\">\n\t\t\t\t<div class=\"elementor-element elementor-element-57fe52f elementor-invisible elementor-widget-mobile__width-auto animated-fast elementor-widget elementor-widget-heading\" data-id=\"57fe52f\" data-element_type=\"widget\" data-settings=\"{&quot;_animation&quot;:&quot;fadeInUp&quot;,&quot;_animation_delay&quot;:0}\" data-widget_type=\"heading.default\">\n\t\t\t\t\t<h1 class=\"elementor-heading-title elementor-size-default\">Contactez FINMETRIX<\/h1>\t\t\t\t<\/div>\n\t\t\t\t\t<\/div>\n\t\t\t\t<\/div>\n\t\t<div class=\"elementor-element elementor-element-05fbaac e-flex e-con-boxed e-con e-parent\" data-id=\"05fbaac\" data-element_type=\"container\">\n\t\t\t\t\t<div class=\"e-con-inner\">\n\t\t\t\t<div class=\"elementor-element elementor-element-cc3ccb0 elementor-invisible elementor-widget__width-inherit animated-fast elementor-widget elementor-widget-heading\" data-id=\"cc3ccb0\" data-element_type=\"widget\" data-settings=\"{&quot;_animation&quot;:&quot;fadeIn&quot;,&quot;_animation_delay&quot;:0}\" data-widget_type=\"heading.default\">\n\t\t\t\t\t<h1 class=\"elementor-heading-title elementor-size-default\">Contactez nos experts<br> en gestion des risques financiers\t<\/h1>\t\t\t\t<\/div>\n\t\t<div class=\"elementor-element elementor-element-94cd37f elementor-invisible e-con-full animated-fast e-flex e-con e-child\" data-id=\"94cd37f\" data-element_type=\"container\" data-settings=\"{&quot;background_background&quot;:&quot;classic&quot;,&quot;animation&quot;:&quot;slideInUp&quot;,&quot;animation_delay&quot;:0}\">\n\t\t<div class=\"elementor-element elementor-element-38a4d09 e-con-full e-flex e-con e-child\" data-id=\"38a4d09\" data-element_type=\"container\">\n\t\t\t\t<div class=\"elementor-element elementor-element-b2ad9a3 elementor-widget__width-auto elementor-widget elementor-widget-heading\" data-id=\"b2ad9a3\" data-element_type=\"widget\" data-widget_type=\"heading.default\">\n\t\t\t\t\t<div class=\"elementor-heading-title elementor-size-default\">SI\u00c8GE SOCIAL<\/div>\t\t\t\t<\/div>\n\t\t\t\t<div class=\"elementor-element elementor-element-dd2388a elementor-widget elementor-widget-heading\" data-id=\"dd2388a\" data-element_type=\"widget\" data-widget_type=\"heading.default\">\n\t\t\t\t\t<h3 class=\"elementor-heading-title elementor-size-default\">FINMETRIX INC.<\/h3>\t\t\t\t<\/div>\n\t\t\t\t<div class=\"elementor-element elementor-element-6b86f40 elementor-widget elementor-widget-heading\" data-id=\"6b86f40\" data-element_type=\"widget\" data-widget_type=\"heading.default\">\n\t\t\t\t\t<h3 class=\"elementor-heading-title elementor-size-default\">Montr\u00e9al<\/h3>\t\t\t\t<\/div>\n\t\t\t\t<div class=\"elementor-element elementor-element-05b320d elementor-widget elementor-widget-heading\" data-id=\"05b320d\" data-element_type=\"widget\" data-widget_type=\"heading.default\">\n\t\t\t\t\t<div class=\"elementor-heading-title elementor-size-default\">Notre t\u00e9l\u00e9phone<\/div>\t\t\t\t<\/div>\n\t\t\t\t<div class=\"elementor-element elementor-element-7b91b97 elementor-widget elementor-widget-heading\" data-id=\"7b91b97\" data-element_type=\"widget\" data-widget_type=\"heading.default\">\n\t\t\t\t\t<div class=\"elementor-heading-title elementor-size-default\"><a href=\"tel:5146003475%20\">(514) 600-3475 <\/a><\/div>\t\t\t\t<\/div>\n\t\t\t\t<div class=\"elementor-element elementor-element-a25658c elementor-widget elementor-widget-heading\" data-id=\"a25658c\" data-element_type=\"widget\" data-widget_type=\"heading.default\">\n\t\t\t\t\t<div class=\"elementor-heading-title elementor-size-default\">Notre courriel<\/div>\t\t\t\t<\/div>\n\t\t\t\t<div class=\"elementor-element elementor-element-2b7da17 elementor-widget elementor-widget-heading\" data-id=\"2b7da17\" data-element_type=\"widget\" data-widget_type=\"heading.default\">\n\t\t\t\t\t<div class=\"elementor-heading-title elementor-size-default\"><a href=\"mailto:office@finovate.com?subject=Hello\">info@finmetrix.com<\/a><\/div>\t\t\t\t<\/div>\n\t\t\t\t<\/div>\n\t\t\t\t<\/div>\n\t\t<div class=\"elementor-element elementor-element-c384d54 elementor-invisible e-con-full animated-fast e-flex e-con e-child\" data-id=\"c384d54\" data-element_type=\"container\" data-settings=\"{&quot;animation&quot;:&quot;slideInUp&quot;,&quot;animation_delay&quot;:150,&quot;background_background&quot;:&quot;classic&quot;}\">\n\t\t<div class=\"elementor-element elementor-element-1183bd1 e-con-full e-flex e-con e-child\" data-id=\"1183bd1\" data-element_type=\"container\">\n\t\t\t\t<div class=\"elementor-element elementor-element-a33b465 elementor-widget__width-auto elementor-widget elementor-widget-heading\" data-id=\"a33b465\" data-element_type=\"widget\" data-widget_type=\"heading.default\">\n\t\t\t\t\t<div class=\"elementor-heading-title elementor-size-default\">BUREAU R\u00c9GIONAL<\/div>\t\t\t\t<\/div>\n\t\t\t\t<div class=\"elementor-element elementor-element-1a39045 elementor-widget elementor-widget-heading\" data-id=\"1a39045\" data-element_type=\"widget\" data-widget_type=\"heading.default\">\n\t\t\t\t\t<h3 class=\"elementor-heading-title elementor-size-default\">FINMETRIX INC.<\/h3>\t\t\t\t<\/div>\n\t\t\t\t<div class=\"elementor-element elementor-element-824b982 elementor-widget elementor-widget-heading\" data-id=\"824b982\" data-element_type=\"widget\" data-widget_type=\"heading.default\">\n\t\t\t\t\t<h3 class=\"elementor-heading-title elementor-size-default\">Toronto<\/h3>\t\t\t\t<\/div>\n\t\t\t\t<div class=\"elementor-element elementor-element-720df17 elementor-widget elementor-widget-heading\" data-id=\"720df17\" data-element_type=\"widget\" data-widget_type=\"heading.default\">\n\t\t\t\t\t<div class=\"elementor-heading-title elementor-size-default\">Notre t\u00e9l\u00e9phone<\/div>\t\t\t\t<\/div>\n\t\t\t\t<div class=\"elementor-element elementor-element-ca83a05 elementor-widget elementor-widget-heading\" data-id=\"ca83a05\" data-element_type=\"widget\" data-widget_type=\"heading.default\">\n\t\t\t\t\t<div class=\"elementor-heading-title elementor-size-default\"><a href=\"tel:%2018773103504%20\">1-877-310-3504 <\/a><\/div>\t\t\t\t<\/div>\n\t\t\t\t<div class=\"elementor-element elementor-element-9a4c0a7 elementor-widget elementor-widget-heading\" data-id=\"9a4c0a7\" data-element_type=\"widget\" data-widget_type=\"heading.default\">\n\t\t\t\t\t<div class=\"elementor-heading-title elementor-size-default\">Notre courriel<\/div>\t\t\t\t<\/div>\n\t\t\t\t<div class=\"elementor-element elementor-element-dad4efc elementor-widget elementor-widget-heading\" data-id=\"dad4efc\" data-element_type=\"widget\" data-widget_type=\"heading.default\">\n\t\t\t\t\t<div class=\"elementor-heading-title elementor-size-default\"><a href=\"mailto:office@finovate.com?subject=Hello\">info@finmetrix.com<\/a><\/div>\t\t\t\t<\/div>\n\t\t\t\t<\/div>\n\t\t\t\t<\/div>\n\t\t\t\t\t<\/div>\n\t\t\t\t<\/div>\n\t\t<div class=\"elementor-element elementor-element-5c98a1d e-flex e-con-boxed e-con e-parent\" data-id=\"5c98a1d\" data-element_type=\"container\">\n\t\t\t\t\t<div class=\"e-con-inner\">\n\t\t\t\t<div class=\"elementor-element elementor-element-fdf43c7 elementor-widget elementor-widget-heading\" data-id=\"fdf43c7\" data-element_type=\"widget\" data-widget_type=\"heading.default\">\n\t\t\t\t\t<h2 class=\"elementor-heading-title elementor-size-default\">Parlez directement avec nos sp\u00e9cialistes\t<\/h2>\t\t\t\t<\/div>\n\t\t<div class=\"elementor-element elementor-element-10298ca e-flex e-con-boxed e-con e-child\" data-id=\"10298ca\" data-element_type=\"container\">\n\t\t\t\t\t<div class=\"e-con-inner\">\n\t\t<div class=\"elementor-element elementor-element-d53859b e-con-full e-flex e-con e-child\" data-id=\"d53859b\" data-element_type=\"container\">\n\t\t\t\t<div class=\"elementor-element elementor-element-488c9c6 elementor-widget elementor-widget-heading\" data-id=\"488c9c6\" data-element_type=\"widget\" data-widget_type=\"heading.default\">\n\t\t\t\t\t<h4 class=\"elementor-heading-title elementor-size-default\">Antoine Lajoie, Pr\u00e9sident <br>(poste: 101)<\/h4>\t\t\t\t<\/div>\n\t\t\t\t<div class=\"elementor-element elementor-element-40bfb5c elementor-widget elementor-widget-text-editor\" data-id=\"40bfb5c\" data-element_type=\"widget\" data-widget_type=\"text-editor.default\">\n\t\t\t\t\t\t\t\t\t<p>Gestion des risques financiers<\/p>\t\t\t\t\t\t\t\t<\/div>\n\t\t\t\t<div class=\"elementor-element elementor-element-f111cad elementor-view-stacked elementor-position-left elementor-shape-circle elementor-mobile-position-top elementor-widget elementor-widget-icon-box\" data-id=\"f111cad\" data-element_type=\"widget\" data-widget_type=\"icon-box.default\">\n\t\t\t\t\t\t\t<div class=\"elementor-icon-box-wrapper\">\n\n\t\t\t\t\t\t<div class=\"elementor-icon-box-icon\">\n\t\t\t\t<a href=\"mailto:antoine.lajoie@finmetrix.com\" class=\"elementor-icon\" tabindex=\"-1\">\n\t\t\t\t<i aria-hidden=\"true\" class=\"fas fa-envelope\"><\/i>\t\t\t\t<\/a>\n\t\t\t<\/div>\n\t\t\t\n\t\t\t\n\t\t<\/div>\n\t\t\t\t\t\t<\/div>\n\t\t\t\t<\/div>\n\t\t<div class=\"elementor-element elementor-element-fcecccf e-con-full e-flex e-con e-child\" data-id=\"fcecccf\" data-element_type=\"container\">\n\t\t\t\t<div class=\"elementor-element elementor-element-d7f40d7 elementor-widget elementor-widget-heading\" data-id=\"d7f40d7\" data-element_type=\"widget\" data-widget_type=\"heading.default\">\n\t\t\t\t\t<h4 class=\"elementor-heading-title elementor-size-default\">Thomas Feldt, Directeur strat\u00e9gie et risque (poste: 114)\t<\/h4>\t\t\t\t<\/div>\n\t\t\t\t<div class=\"elementor-element elementor-element-9821ab6 elementor-widget elementor-widget-text-editor\" data-id=\"9821ab6\" data-element_type=\"widget\" data-widget_type=\"text-editor.default\">\n\t\t\t\t\t\t\t\t\t<p>Valorisation et comptabilit\u00e9 de couverture<\/p>\t\t\t\t\t\t\t\t<\/div>\n\t\t\t\t<div class=\"elementor-element elementor-element-b3d2e1f elementor-view-stacked elementor-position-left elementor-shape-circle elementor-mobile-position-top elementor-widget elementor-widget-icon-box\" data-id=\"b3d2e1f\" data-element_type=\"widget\" data-widget_type=\"icon-box.default\">\n\t\t\t\t\t\t\t<div class=\"elementor-icon-box-wrapper\">\n\n\t\t\t\t\t\t<div class=\"elementor-icon-box-icon\">\n\t\t\t\t<a href=\"mailto:thomas.feldt@finmetrix.com\" class=\"elementor-icon\" tabindex=\"-1\">\n\t\t\t\t<i aria-hidden=\"true\" class=\"fas fa-envelope\"><\/i>\t\t\t\t<\/a>\n\t\t\t<\/div>\n\t\t\t\n\t\t\t\n\t\t<\/div>\n\t\t\t\t\t\t<\/div>\n\t\t\t\t<\/div>\n\t\t<div class=\"elementor-element elementor-element-71b98f0 e-con-full e-flex e-con e-child\" data-id=\"71b98f0\" data-element_type=\"container\">\n\t\t\t\t<div class=\"elementor-element elementor-element-3c9f27f elementor-widget elementor-widget-heading\" data-id=\"3c9f27f\" data-element_type=\"widget\" data-widget_type=\"heading.default\">\n\t\t\t\t\t<h4 class=\"elementor-heading-title elementor-size-default\">Mathieu No\u00ebl, Gestionnaire de portefeuille <br>(poste: 105)<\/h4>\t\t\t\t<\/div>\n\t\t\t\t<div class=\"elementor-element elementor-element-c967d2d elementor-widget elementor-widget-text-editor\" data-id=\"c967d2d\" data-element_type=\"widget\" data-widget_type=\"text-editor.default\">\n\t\t\t\t\t\t\t\t\t<p>Gestion des risques financiers<\/p>\t\t\t\t\t\t\t\t<\/div>\n\t\t\t\t<div class=\"elementor-element elementor-element-ddd2592 elementor-view-stacked elementor-position-left elementor-shape-circle elementor-mobile-position-top elementor-widget elementor-widget-icon-box\" data-id=\"ddd2592\" data-element_type=\"widget\" data-widget_type=\"icon-box.default\">\n\t\t\t\t\t\t\t<div class=\"elementor-icon-box-wrapper\">\n\n\t\t\t\t\t\t<div class=\"elementor-icon-box-icon\">\n\t\t\t\t<a href=\"mailto:mathieu.noel@finmetrix.com\" class=\"elementor-icon\" tabindex=\"-1\">\n\t\t\t\t<i aria-hidden=\"true\" class=\"fas fa-envelope\"><\/i>\t\t\t\t<\/a>\n\t\t\t<\/div>\n\t\t\t\n\t\t\t\n\t\t<\/div>\n\t\t\t\t\t\t<\/div>\n\t\t\t\t<\/div>\n\t\t<div class=\"elementor-element elementor-element-d125420 e-con-full e-flex e-con e-child\" data-id=\"d125420\" data-element_type=\"container\">\n\t\t\t\t<div class=\"elementor-element elementor-element-1affdd7 elementor-widget elementor-widget-heading\" data-id=\"1affdd7\" data-element_type=\"widget\" data-widget_type=\"heading.default\">\n\t\t\t\t\t<h4 class=\"elementor-heading-title elementor-size-default\">Gestionnaire de portefeuille adjoint (poste: 117) \t<\/h4>\t\t\t\t<\/div>\n\t\t\t\t<div class=\"elementor-element elementor-element-e9c69b5 elementor-widget elementor-widget-text-editor\" data-id=\"e9c69b5\" data-element_type=\"widget\" data-widget_type=\"text-editor.default\">\n\t\t\t\t\t\t\t\t\t<p>Gestion des risques financiers<\/p>\t\t\t\t\t\t\t\t<\/div>\n\t\t\t\t<div class=\"elementor-element elementor-element-3751fff elementor-view-stacked elementor-position-left elementor-shape-circle elementor-mobile-position-top elementor-widget elementor-widget-icon-box\" data-id=\"3751fff\" data-element_type=\"widget\" data-widget_type=\"icon-box.default\">\n\t\t\t\t\t\t\t<div class=\"elementor-icon-box-wrapper\">\n\n\t\t\t\t\t\t<div class=\"elementor-icon-box-icon\">\n\t\t\t\t<a href=\"mailto:Elizabeth.steele@finmetrix.com\" class=\"elementor-icon\" tabindex=\"-1\">\n\t\t\t\t<i aria-hidden=\"true\" class=\"fas fa-envelope\"><\/i>\t\t\t\t<\/a>\n\t\t\t<\/div>\n\t\t\t\n\t\t\t\n\t\t<\/div>\n\t\t\t\t\t\t<\/div>\n\t\t\t\t<\/div>\n\t\t\t\t\t<\/div>\n\t\t\t\t<\/div>\n\t\t<div class=\"elementor-element elementor-element-32d2011 e-flex e-con-boxed e-con e-child\" data-id=\"32d2011\" data-element_type=\"container\">\n\t\t\t\t\t<div class=\"e-con-inner\">\n\t\t<div class=\"elementor-element elementor-element-7e4b1b6 e-con-full e-flex e-con e-child\" data-id=\"7e4b1b6\" data-element_type=\"container\">\n\t\t\t\t<div class=\"elementor-element elementor-element-7e7aba6 elementor-widget elementor-widget-heading\" data-id=\"7e7aba6\" data-element_type=\"widget\" data-widget_type=\"heading.default\">\n\t\t\t\t\t<h4 class=\"elementor-heading-title elementor-size-default\">Natasha Francis, Gestionnaire de portefeuille adjoint - Toronto (poste: 119)<\/h4>\t\t\t\t<\/div>\n\t\t\t\t<div class=\"elementor-element elementor-element-846d5f0 elementor-widget elementor-widget-text-editor\" data-id=\"846d5f0\" data-element_type=\"widget\" data-widget_type=\"text-editor.default\">\n\t\t\t\t\t\t\t\t\t<p>Gestion des risques financiers<\/p>\t\t\t\t\t\t\t\t<\/div>\n\t\t\t\t<div class=\"elementor-element elementor-element-f8b0da0 elementor-view-stacked elementor-position-left elementor-shape-circle elementor-mobile-position-top elementor-widget elementor-widget-icon-box\" data-id=\"f8b0da0\" data-element_type=\"widget\" data-widget_type=\"icon-box.default\">\n\t\t\t\t\t\t\t<div class=\"elementor-icon-box-wrapper\">\n\n\t\t\t\t\t\t<div class=\"elementor-icon-box-icon\">\n\t\t\t\t<a href=\"mailto:natasha.francis@finmetrix.com\" class=\"elementor-icon\" tabindex=\"-1\">\n\t\t\t\t<i aria-hidden=\"true\" class=\"fas fa-envelope\"><\/i>\t\t\t\t<\/a>\n\t\t\t<\/div>\n\t\t\t\n\t\t\t\n\t\t<\/div>\n\t\t\t\t\t\t<\/div>\n\t\t\t\t<\/div>\n\t\t<div class=\"elementor-element elementor-element-f2b18b1 e-con-full e-flex e-con e-child\" data-id=\"f2b18b1\" data-element_type=\"container\">\n\t\t\t\t<div class=\"elementor-element elementor-element-1a8ade2 elementor-widget elementor-widget-heading\" data-id=\"1a8ade2\" data-element_type=\"widget\" data-widget_type=\"heading.default\">\n\t\t\t\t\t<h4 class=\"elementor-heading-title elementor-size-default\">Jean-Michel Parizeau, Directeur solutions de liquidit\u00e9 et tr\u00e9sorerie (poste: 127)<\/h4>\t\t\t\t<\/div>\n\t\t\t\t<div class=\"elementor-element elementor-element-6452491 elementor-widget elementor-widget-text-editor\" data-id=\"6452491\" data-element_type=\"widget\" data-widget_type=\"text-editor.default\">\n\t\t\t\t\t\t\t\t\t<p>Valorisation et comptabilit\u00e9 de couverture<\/p>\t\t\t\t\t\t\t\t<\/div>\n\t\t\t\t<div class=\"elementor-element elementor-element-44ed107 elementor-view-stacked elementor-position-left elementor-shape-circle elementor-mobile-position-top elementor-widget elementor-widget-icon-box\" data-id=\"44ed107\" data-element_type=\"widget\" data-widget_type=\"icon-box.default\">\n\t\t\t\t\t\t\t<div class=\"elementor-icon-box-wrapper\">\n\n\t\t\t\t\t\t<div class=\"elementor-icon-box-icon\">\n\t\t\t\t<a href=\"mailto:jm.parizeau@finmetrix.com\" class=\"elementor-icon\" tabindex=\"-1\">\n\t\t\t\t<i aria-hidden=\"true\" class=\"fas fa-envelope\"><\/i>\t\t\t\t<\/a>\n\t\t\t<\/div>\n\t\t\t\n\t\t\t\n\t\t<\/div>\n\t\t\t\t\t\t<\/div>\n\t\t\t\t<\/div>\n\t\t<div class=\"elementor-element elementor-element-f144b3a e-con-full e-flex e-con e-child\" data-id=\"f144b3a\" data-element_type=\"container\">\n\t\t\t\t<div class=\"elementor-element elementor-element-aab7223 elementor-widget elementor-widget-heading\" data-id=\"aab7223\" data-element_type=\"widget\" data-widget_type=\"heading.default\">\n\t\t\t\t\t<h4 class=\"elementor-heading-title elementor-size-default\">Raymond C\u00f4t\u00e9, Directeur valorisation et comptabilit\u00e9 de couverture (poste: 104)<\/h4>\t\t\t\t<\/div>\n\t\t\t\t<div class=\"elementor-element elementor-element-4817aa2 elementor-widget elementor-widget-text-editor\" data-id=\"4817aa2\" data-element_type=\"widget\" data-widget_type=\"text-editor.default\">\n\t\t\t\t\t\t\t\t\t<p>Valorisation et comptabilit\u00e9 de couverture<\/p>\t\t\t\t\t\t\t\t<\/div>\n\t\t\t\t<div class=\"elementor-element elementor-element-28bf179 elementor-view-stacked elementor-position-left elementor-shape-circle elementor-mobile-position-top elementor-widget elementor-widget-icon-box\" data-id=\"28bf179\" data-element_type=\"widget\" data-widget_type=\"icon-box.default\">\n\t\t\t\t\t\t\t<div class=\"elementor-icon-box-wrapper\">\n\n\t\t\t\t\t\t<div class=\"elementor-icon-box-icon\">\n\t\t\t\t<a href=\"mailto:Raymond.cote@finmetrix.com\" class=\"elementor-icon\" tabindex=\"-1\">\n\t\t\t\t<i aria-hidden=\"true\" class=\"fas fa-envelope\"><\/i>\t\t\t\t<\/a>\n\t\t\t<\/div>\n\t\t\t\n\t\t\t\n\t\t<\/div>\n\t\t\t\t\t\t<\/div>\n\t\t\t\t<\/div>\n\t\t<div class=\"elementor-element elementor-element-0f9d2cd e-con-full e-flex e-con e-child\" data-id=\"0f9d2cd\" data-element_type=\"container\">\n\t\t\t\t<\/div>\n\t\t\t\t\t<\/div>\n\t\t\t\t<\/div>\n\t\t\t\t\t<\/div>\n\t\t\t\t<\/div>\n\t\t\t\t<\/div>","protected":false},"excerpt":{"rendered":"<p>We look forward to learning about your financial goals.<\/p>","protected":false},"author":1,"featured_media":0,"parent":0,"menu_order":0,"comment_status":"closed","ping_status":"closed","template":"","meta":{"footnotes":""},"class_list":["post-49","page","type-page","status-publish","hentry"],"yoast_head":"<!-- This site is optimized with the Yoast SEO plugin v26.1.1 - https:\/\/yoast.com\/wordpress\/plugins\/seo\/ -->\n<title>Contact FINMETRIX | Financial Risk Management Experts<\/title>\n<meta name=\"description\" content=\"Contact FINMETRIX experts. Call 1-877-310-3504 or email office@finmetrix.com. Montreal headquarters, Toronto office.\" \/>\n<meta name=\"robots\" content=\"index, follow, max-snippet:-1, max-image-preview:large, max-video-preview:-1\" \/>\n<link rel=\"canonical\" href=\"https:\/\/v2.finmetrix.com\/contact\/\" \/>\n<meta property=\"og:locale\" content=\"fr_CA\" \/>\n<meta property=\"og:type\" content=\"article\" \/>\n<meta property=\"og:title\" content=\"Contact FINMETRIX | Financial Risk Management Experts\" \/>\n<meta property=\"og:description\" content=\"Contact FINMETRIX experts. Call 1-877-310-3504 or email office@finmetrix.com. Montreal headquarters, Toronto office.\" \/>\n<meta property=\"og:url\" content=\"https:\/\/v2.finmetrix.com\/contact\/\" \/>\n<meta property=\"og:site_name\" content=\"FINMETRIX\" \/>\n<meta property=\"article:modified_time\" content=\"2025-11-27T17:48:04+00:00\" \/>\n<meta name=\"twitter:card\" content=\"summary_large_image\" \/>\n<meta name=\"twitter:label1\" content=\"Estimation du temps de lecture\" \/>\n\t<meta name=\"twitter:data1\" content=\"1 minute\" \/>\n<script type=\"application\/ld+json\" class=\"yoast-schema-graph\">{\"@context\":\"https:\/\/schema.org\",\"@graph\":[{\"@type\":\"WebPage\",\"@id\":\"https:\/\/v2.finmetrix.com\/contact\/\",\"url\":\"https:\/\/v2.finmetrix.com\/contact\/\",\"name\":\"Contact FINMETRIX | Financial Risk Management Experts\",\"isPartOf\":{\"@id\":\"https:\/\/v2.finmetrix.com\/#website\"},\"datePublished\":\"2025-02-13T14:23:39+00:00\",\"dateModified\":\"2025-11-27T17:48:04+00:00\",\"description\":\"Contact FINMETRIX experts. Call 1-877-310-3504 or email office@finmetrix.com. Montreal headquarters, Toronto office.\",\"breadcrumb\":{\"@id\":\"https:\/\/v2.finmetrix.com\/contact\/#breadcrumb\"},\"inLanguage\":\"fr-CA\",\"potentialAction\":[{\"@type\":\"ReadAction\",\"target\":[\"https:\/\/v2.finmetrix.com\/contact\/\"]}]},{\"@type\":\"BreadcrumbList\",\"@id\":\"https:\/\/v2.finmetrix.com\/contact\/#breadcrumb\",\"itemListElement\":[{\"@type\":\"ListItem\",\"position\":1,\"name\":\"Home\",\"item\":\"https:\/\/finmetrix.com\/\"},{\"@type\":\"ListItem\",\"position\":2,\"name\":\"Contact\"}]},{\"@type\":\"WebSite\",\"@id\":\"https:\/\/v2.finmetrix.com\/#website\",\"url\":\"https:\/\/v2.finmetrix.com\/\",\"name\":\"FINMETRIX\",\"description\":\"Financial Consulting + Risk Management\",\"publisher\":{\"@id\":\"https:\/\/v2.finmetrix.com\/#organization\"},\"potentialAction\":[{\"@type\":\"SearchAction\",\"target\":{\"@type\":\"EntryPoint\",\"urlTemplate\":\"https:\/\/v2.finmetrix.com\/?s={search_term_string}\"},\"query-input\":{\"@type\":\"PropertyValueSpecification\",\"valueRequired\":true,\"valueName\":\"search_term_string\"}}],\"inLanguage\":\"fr-CA\"},{\"@type\":\"Organization\",\"@id\":\"https:\/\/v2.finmetrix.com\/#organization\",\"name\":\"FINMETRIX\",\"url\":\"https:\/\/v2.finmetrix.com\/\",\"logo\":{\"@type\":\"ImageObject\",\"inLanguage\":\"fr-CA\",\"@id\":\"https:\/\/v2.finmetrix.com\/#\/schema\/logo\/image\/\",\"url\":\"https:\/\/finmetrix.com\/wp-content\/uploads\/2025\/02\/Image-scaled.png\",\"contentUrl\":\"https:\/\/finmetrix.com\/wp-content\/uploads\/2025\/02\/Image-scaled.png\",\"width\":2560,\"height\":425,\"caption\":\"FINMETRIX\"},\"image\":{\"@id\":\"https:\/\/v2.finmetrix.com\/#\/schema\/logo\/image\/\"}}]}<\/script>\n<!-- \/ Yoast SEO plugin. -->","yoast_head_json":{"title":"Contact FINMETRIX | Financial Risk Management Experts","description":"Contact FINMETRIX experts. Call 1-877-310-3504 or email office@finmetrix.com. Montreal headquarters, Toronto office.","robots":{"index":"index","follow":"follow","max-snippet":"max-snippet:-1","max-image-preview":"max-image-preview:large","max-video-preview":"max-video-preview:-1"},"canonical":"https:\/\/v2.finmetrix.com\/contact\/","og_locale":"fr_CA","og_type":"article","og_title":"Contact FINMETRIX | Financial Risk Management Experts","og_description":"Contact FINMETRIX experts. Call 1-877-310-3504 or email office@finmetrix.com. Montreal headquarters, Toronto office.","og_url":"https:\/\/v2.finmetrix.com\/contact\/","og_site_name":"FINMETRIX","article_modified_time":"2025-11-27T17:48:04+00:00","twitter_card":"summary_large_image","twitter_misc":{"Estimation du temps de lecture":"1 minute"},"schema":{"@context":"https:\/\/schema.org","@graph":[{"@type":"WebPage","@id":"https:\/\/v2.finmetrix.com\/contact\/","url":"https:\/\/v2.finmetrix.com\/contact\/","name":"Contact FINMETRIX | Financial Risk Management Experts","isPartOf":{"@id":"https:\/\/v2.finmetrix.com\/#website"},"datePublished":"2025-02-13T14:23:39+00:00","dateModified":"2025-11-27T17:48:04+00:00","description":"Contact FINMETRIX experts. Call 1-877-310-3504 or email office@finmetrix.com. Montreal headquarters, Toronto office.","breadcrumb":{"@id":"https:\/\/v2.finmetrix.com\/contact\/#breadcrumb"},"inLanguage":"fr-CA","potentialAction":[{"@type":"ReadAction","target":["https:\/\/v2.finmetrix.com\/contact\/"]}]},{"@type":"BreadcrumbList","@id":"https:\/\/v2.finmetrix.com\/contact\/#breadcrumb","itemListElement":[{"@type":"ListItem","position":1,"name":"Home","item":"https:\/\/finmetrix.com\/"},{"@type":"ListItem","position":2,"name":"Contact"}]},{"@type":"WebSite","@id":"https:\/\/v2.finmetrix.com\/#website","url":"https:\/\/v2.finmetrix.com\/","name":"FINMETRIX","description":"Financial Consulting + Risk Management","publisher":{"@id":"https:\/\/v2.finmetrix.com\/#organization"},"potentialAction":[{"@type":"SearchAction","target":{"@type":"EntryPoint","urlTemplate":"https:\/\/v2.finmetrix.com\/?s={search_term_string}"},"query-input":{"@type":"PropertyValueSpecification","valueRequired":true,"valueName":"search_term_string"}}],"inLanguage":"fr-CA"},{"@type":"Organization","@id":"https:\/\/v2.finmetrix.com\/#organization","name":"FINMETRIX","url":"https:\/\/v2.finmetrix.com\/","logo":{"@type":"ImageObject","inLanguage":"fr-CA","@id":"https:\/\/v2.finmetrix.com\/#\/schema\/logo\/image\/","url":"https:\/\/finmetrix.com\/wp-content\/uploads\/2025\/02\/Image-scaled.png","contentUrl":"https:\/\/finmetrix.com\/wp-content\/uploads\/2025\/02\/Image-scaled.png","width":2560,"height":425,"caption":"FINMETRIX"},"image":{"@id":"https:\/\/v2.finmetrix.com\/#\/schema\/logo\/image\/"}}]}},"_links":{"self":[{"href":"https:\/\/finmetrix.com\/fr\/wp-json\/wp\/v2\/pages\/49","targetHints":{"allow":["GET"]}}],"collection":[{"href":"https:\/\/finmetrix.com\/fr\/wp-json\/wp\/v2\/pages"}],"about":[{"href":"https:\/\/finmetrix.com\/fr\/wp-json\/wp\/v2\/types\/page"}],"author":[{"embeddable":true,"href":"https:\/\/finmetrix.com\/fr\/wp-json\/wp\/v2\/users\/1"}],"replies":[{"embeddable":true,"href":"https:\/\/finmetrix.com\/fr\/wp-json\/wp\/v2\/comments?post=49"}],"version-history":[{"count":202,"href":"https:\/\/finmetrix.com\/fr\/wp-json\/wp\/v2\/pages\/49\/revisions"}],"predecessor-version":[{"id":991911,"href":"https:\/\/finmetrix.com\/fr\/wp-json\/wp\/v2\/pages\/49\/revisions\/991911"}],"wp:attachment":[{"href":"https:\/\/finmetrix.com\/fr\/wp-json\/wp\/v2\/media?parent=49"}],"curies":[{"name":"wp","href":"https:\/\/api.w.org\/{rel}","templated":true}]}}