{"id":988303,"date":"2025-09-03T04:19:52","date_gmt":"2025-09-03T04:19:52","guid":{"rendered":"https:\/\/seashell-lyrebird-743536.hostingersite.com\/?page_id=988303"},"modified":"2025-11-18T15:56:31","modified_gmt":"2025-11-18T15:56:31","slug":"our-mission","status":"publish","type":"page","link":"https:\/\/finmetrix.com\/fr\/our-mission\/","title":{"rendered":"Notre mission"},"content":{"rendered":"<div data-elementor-type=\"wp-page\" data-elementor-id=\"988303\" class=\"elementor elementor-988303\" data-elementor-post-type=\"page\">\n\t\t\t\t<div class=\"elementor-element elementor-element-c76e6d8 e-flex e-con-boxed e-con e-parent\" data-id=\"c76e6d8\" data-element_type=\"container\" data-settings=\"{&quot;background_background&quot;:&quot;classic&quot;}\">\n\t\t\t\t\t<div class=\"e-con-inner\">\n\t\t\t\t<div class=\"elementor-element elementor-element-f1bb171 elementor-invisible elementor-widget-mobile__width-auto animated-fast elementor-widget elementor-widget-heading\" data-id=\"f1bb171\" data-element_type=\"widget\" data-settings=\"{&quot;_animation&quot;:&quot;fadeInUp&quot;,&quot;_animation_delay&quot;:0}\" data-widget_type=\"heading.default\">\n\t\t\t\t\t<h1 class=\"elementor-heading-title elementor-size-default\">Gestionnaire de portefeuille ind\u00e9pendant<\/h1>\t\t\t\t<\/div>\n\t\t\t\t<div class=\"elementor-element elementor-element-4c9dc2f elementor-widget elementor-widget-heading\" data-id=\"4c9dc2f\" data-element_type=\"widget\" data-widget_type=\"heading.default\">\n\t\t\t\t\t<h2 class=\"elementor-heading-title elementor-size-default\">Gestionnaire de portefeuille ind\u00e9pendant sp\u00e9cialis\u00e9 dans la gestion des risques financiers. Extension strat\u00e9gique de votre portefeuille financier.<br> \u00c9quipe avec expertise en couverture et produits d\u00e9riv\u00e9s.<\/h2>\t\t\t\t<\/div>\n\t\t\t\t\t<\/div>\n\t\t\t\t<\/div>\n\t\t<div class=\"elementor-element elementor-element-17840af e-flex e-con-boxed e-con e-parent\" data-id=\"17840af\" data-element_type=\"container\">\n\t\t\t\t\t<div class=\"e-con-inner\">\n\t\t<div class=\"elementor-element elementor-element-a15b57f e-con-full e-flex e-con e-child\" data-id=\"a15b57f\" data-element_type=\"container\">\n\t\t\t\t<div class=\"elementor-element elementor-element-e3c87e6 elementor-widget elementor-widget-image\" data-id=\"e3c87e6\" data-element_type=\"widget\" data-widget_type=\"image.default\">\n\t\t\t\t\t\t\t\t\t\t\t\t\t\t\t<img fetchpriority=\"high\" decoding=\"async\" width=\"1822\" height=\"1707\" src=\"https:\/\/finmetrix.com\/wp-content\/uploads\/2025\/10\/Finmetrix-Action-BW-7_5_11zon-scaled-e1760091481123.jpg\" class=\"attachment-full size-full wp-image-990008\" alt=\"\" srcset=\"https:\/\/finmetrix.com\/wp-content\/uploads\/2025\/10\/Finmetrix-Action-BW-7_5_11zon-scaled-e1760091481123.jpg 1822w, https:\/\/finmetrix.com\/wp-content\/uploads\/2025\/10\/Finmetrix-Action-BW-7_5_11zon-scaled-e1760091481123-300x281.jpg 300w, https:\/\/finmetrix.com\/wp-content\/uploads\/2025\/10\/Finmetrix-Action-BW-7_5_11zon-scaled-e1760091481123-1024x959.jpg 1024w, https:\/\/finmetrix.com\/wp-content\/uploads\/2025\/10\/Finmetrix-Action-BW-7_5_11zon-scaled-e1760091481123-768x720.jpg 768w, https:\/\/finmetrix.com\/wp-content\/uploads\/2025\/10\/Finmetrix-Action-BW-7_5_11zon-scaled-e1760091481123-1536x1439.jpg 1536w, https:\/\/finmetrix.com\/wp-content\/uploads\/2025\/10\/Finmetrix-Action-BW-7_5_11zon-scaled-e1760091481123-13x12.jpg 13w\" sizes=\"(max-width: 1822px) 100vw, 1822px\" \/>\t\t\t\t\t\t\t\t\t\t\t\t\t\t\t<\/div>\n\t\t\t\t<\/div>\n\t\t<div class=\"elementor-element elementor-element-3cf853d e-con-full e-flex e-con e-child\" data-id=\"3cf853d\" data-element_type=\"container\">\n\t\t\t\t<div class=\"elementor-element elementor-element-b1e7d33 elementor-invisible elementor-widget__width-initial animated-fast elementor-widget elementor-widget-heading\" data-id=\"b1e7d33\" data-element_type=\"widget\" data-settings=\"{&quot;_animation&quot;:&quot;fadeIn&quot;,&quot;_animation_delay&quot;:0}\" data-widget_type=\"heading.default\">\n\t\t\t\t\t<h1 class=\"elementor-heading-title elementor-size-default\">\u00c0 propos de FINMETRIX<\/h1>\t\t\t\t<\/div>\n\t\t\t\t<div class=\"elementor-element elementor-element-d2d391b elementor-widget elementor-widget-text-editor\" data-id=\"d2d391b\" data-element_type=\"widget\" data-widget_type=\"text-editor.default\">\n\t\t\t\t\t\t\t\t\t<p>Nous agissons comme une extension strat\u00e9gique de votre \u00e9quipe financi\u00e8re, en vous offrant une expertise pointue en gestion des risques financiers et en produits d\u00e9riv\u00e9s. Nous vous aidons \u00e0 g\u00e9rer avec confiance vos enjeux li\u00e9s aux devises, aux mati\u00e8res premi\u00e8res, y compris les prix des conteneurs maritimes, ainsi qu\u2019aux taux d\u2019int\u00e9r\u00eat.<\/p>\t\t\t\t\t\t\t\t<\/div>\n\t\t\t\t<div class=\"elementor-element elementor-element-2ded848 elementor-widget elementor-widget-heading\" data-id=\"2ded848\" data-element_type=\"widget\" data-widget_type=\"heading.default\">\n\t\t\t\t\t<h2 class=\"elementor-heading-title elementor-size-default\">Comp\u00e9tence <\/h2>\t\t\t\t<\/div>\n\t\t\t\t<div class=\"elementor-element elementor-element-719b971 elementor-widget elementor-widget-text-editor\" data-id=\"719b971\" data-element_type=\"widget\" data-widget_type=\"text-editor.default\">\n\t\t\t\t\t\t\t\t\t<p>Gr\u00e2ce \u00e0 notre expertise multidisciplinaire, nous accompagnons les PME et les grandes entreprises dans la ma\u00eetrise de la volatilit\u00e9 des march\u00e9s, pour prot\u00e9ger leurs marges, renforcer leur planification financi\u00e8re et soutenir leur croissance \u00e0 long terme.<\/p><p>\u00a0<\/p>\t\t\t\t\t\t\t\t<\/div>\n\t\t\t\t<\/div>\n\t\t\t\t\t<\/div>\n\t\t\t\t<\/div>\n\t\t<div class=\"elementor-element elementor-element-54526c3 e-flex e-con-boxed e-con e-parent\" data-id=\"54526c3\" data-element_type=\"container\">\n\t\t\t\t\t<div class=\"e-con-inner\">\n\t\t\t\t<div class=\"elementor-element elementor-element-66ffd7d elementor-invisible elementor-widget__width-initial animated-fast elementor-widget elementor-widget-heading\" data-id=\"66ffd7d\" data-element_type=\"widget\" data-settings=\"{&quot;_animation&quot;:&quot;fadeIn&quot;,&quot;_animation_delay&quot;:0}\" data-widget_type=\"heading.default\">\n\t\t\t\t\t<h2 class=\"elementor-heading-title elementor-size-default\">Notre mission<\/h2>\t\t\t\t<\/div>\n\t\t\t\t\t<\/div>\n\t\t\t\t<\/div>\n\t\t<div class=\"elementor-element elementor-element-309c97e e-flex e-con-boxed e-con e-parent\" data-id=\"309c97e\" data-element_type=\"container\">\n\t\t\t\t\t<div class=\"e-con-inner\">\n\t\t<div class=\"elementor-element elementor-element-721717f e-con-full e-flex e-con e-child\" data-id=\"721717f\" data-element_type=\"container\" data-settings=\"{&quot;background_background&quot;:&quot;classic&quot;}\">\n\t\t<div class=\"elementor-element elementor-element-9dfdf8d e-con-full e-flex e-con e-child\" data-id=\"9dfdf8d\" data-element_type=\"container\">\n\t\t<div class=\"elementor-element elementor-element-229b0f6 e-con-full e-flex e-con e-child\" data-id=\"229b0f6\" data-element_type=\"container\">\n\t\t\t\t<div class=\"elementor-element elementor-element-f571da9 elementor-widget elementor-widget-heading\" data-id=\"f571da9\" data-element_type=\"widget\" data-widget_type=\"heading.default\">\n\t\t\t\t\t<h3 class=\"elementor-heading-title elementor-size-default\">Mission<\/h3>\t\t\t\t<\/div>\n\t\t\t\t<div class=\"elementor-element elementor-element-dbf4c01 elementor-widget elementor-widget-text-editor\" data-id=\"dbf4c01\" data-element_type=\"widget\" data-widget_type=\"text-editor.default\">\n\t\t\t\t\t\t\t\t\t<p>Accompagner nos clients avec rigueur, clart\u00e9 et expertise en gestion des risques financiers, afin de leur offrir un avantage concurrentiel durable tout en minimisant l\u2019impact des fluctuations de march\u00e9 sur leurs r\u00e9sultats et leur rentabilit\u00e9.<\/p>\t\t\t\t\t\t\t\t<\/div>\n\t\t\t\t<\/div>\n\t\t<div class=\"elementor-element elementor-element-80aa275 e-con-full e-flex e-con e-child\" data-id=\"80aa275\" data-element_type=\"container\">\n\t\t\t\t<div class=\"vamtam-has-theme-widget-styles elementor-element elementor-element-6ced686 elementor-view-default elementor-widget elementor-widget-icon\" data-id=\"6ced686\" data-element_type=\"widget\" data-widget_type=\"icon.default\">\n\t\t\t\t\t\t\t<div class=\"elementor-icon-wrapper\">\n\t\t\t<div class=\"elementor-icon\">\n\t\t\t<i aria-hidden=\"true\" class=\"vamtamtheme- vamtam-theme-sign-star\"><\/i>\t\t\t<\/div>\n\t\t<\/div>\n\t\t\t\t\t\t<\/div>\n\t\t\t\t<\/div>\n\t\t\t\t<\/div>\n\t\t\t\t<\/div>\n\t\t<div class=\"elementor-element elementor-element-d9787d3 e-con-full e-flex e-con e-child\" data-id=\"d9787d3\" data-element_type=\"container\" data-settings=\"{&quot;background_background&quot;:&quot;classic&quot;}\">\n\t\t<div class=\"elementor-element elementor-element-ea7f188 e-con-full e-flex e-con e-child\" data-id=\"ea7f188\" data-element_type=\"container\">\n\t\t<div class=\"elementor-element elementor-element-16c363f e-con-full e-flex e-con e-child\" data-id=\"16c363f\" data-element_type=\"container\">\n\t\t<div class=\"elementor-element elementor-element-f45c9a1 e-con-full e-flex e-con e-child\" data-id=\"f45c9a1\" data-element_type=\"container\">\n\t\t\t\t<div class=\"elementor-element elementor-element-539a116 elementor-widget elementor-widget-heading\" data-id=\"539a116\" data-element_type=\"widget\" data-widget_type=\"heading.default\">\n\t\t\t\t\t<h3 class=\"elementor-heading-title elementor-size-default\">Vision<\/h3>\t\t\t\t<\/div>\n\t\t\t\t<div class=\"elementor-element elementor-element-1fbefd7 elementor-widget elementor-widget-text-editor\" data-id=\"1fbefd7\" data-element_type=\"widget\" data-widget_type=\"text-editor.default\">\n\t\t\t\t\t\t\t\t\t<p>Nous croyons qu\u2019en combinant une analyse rigoureuse, des solutions sur mesure et un partenariat strat\u00e9gique, les entreprises peuvent reprendre le contr\u00f4le de leur performance financi\u00e8re et transformer la volatilit\u00e9 des march\u00e9s en levier de croissance durable \u2014 \u00e0 l\u2019\u00e9chelle locale comme mondiale.<\/p>\t\t\t\t\t\t\t\t<\/div>\n\t\t\t\t<\/div>\n\t\t<div class=\"elementor-element elementor-element-7327287 e-con-full e-flex e-con e-child\" data-id=\"7327287\" data-element_type=\"container\">\n\t\t\t\t<div class=\"vamtam-has-theme-widget-styles elementor-element elementor-element-5b00566 elementor-view-default elementor-widget elementor-widget-icon\" data-id=\"5b00566\" data-element_type=\"widget\" data-widget_type=\"icon.default\">\n\t\t\t\t\t\t\t<div class=\"elementor-icon-wrapper\">\n\t\t\t<div class=\"elementor-icon\">\n\t\t\t<i aria-hidden=\"true\" class=\"vamtamtheme- vamtam-theme-sign-star\"><\/i>\t\t\t<\/div>\n\t\t<\/div>\n\t\t\t\t\t\t<\/div>\n\t\t\t\t<\/div>\n\t\t\t\t<\/div>\n\t\t\t\t<\/div>\n\t\t\t\t<\/div>\n\t\t\t\t\t<\/div>\n\t\t\t\t<\/div>\n\t\t<div class=\"elementor-element elementor-element-831e729 e-flex e-con-boxed e-con e-parent\" data-id=\"831e729\" data-element_type=\"container\">\n\t\t\t\t\t<div class=\"e-con-inner\">\n\t\t\t\t<div class=\"elementor-element elementor-element-8df1947 elementor-invisible elementor-widget__width-initial animated-fast elementor-widget elementor-widget-heading\" data-id=\"8df1947\" data-element_type=\"widget\" data-settings=\"{&quot;_animation&quot;:&quot;fadeIn&quot;,&quot;_animation_delay&quot;:0}\" data-widget_type=\"heading.default\">\n\t\t\t\t\t<h2 class=\"elementor-heading-title elementor-size-default\">Notre \u00e9quipe\t<\/h2>\t\t\t\t<\/div>\n\t\t\t\t<div class=\"elementor-element elementor-element-d9d293a elementor-widget elementor-widget-text-editor\" data-id=\"d9d293a\" data-element_type=\"widget\" data-widget_type=\"text-editor.default\">\n\t\t\t\t\t\t\t\t\t<p>Notre \u00e9quipe est compos\u00e9e de professionnels exp\u00e9riment\u00e9s en finance, gestion des risques, comptabilit\u00e9 et march\u00e9s financiers. Nous allions excellence technique et fine compr\u00e9hension des enjeux du terrain pour offrir un accompagnement \u00e0 forte valeur ajout\u00e9e.<\/p>\t\t\t\t\t\t\t\t<\/div>\n\t\t\t\t<div class=\"elementor-element elementor-element-0ce4dab elementor-widget elementor-widget-text-editor\" data-id=\"0ce4dab\" data-element_type=\"widget\" data-widget_type=\"text-editor.default\">\n\t\t\t\t\t\t\t\t\t<p>Nous sommes \u00e9galement fiers de la diversit\u00e9 au sein de notre \u00e9quipe. Repr\u00e9sentant 8 nationalit\u00e9s et parlant plus de 7 langues, notre \u00e9quipe poss\u00e8de une capacit\u00e9 unique \u00e0 comprendre les r\u00e9alit\u00e9s d\u2019affaires de nos clients \u2014 tous secteurs confondus, au-del\u00e0 des fronti\u00e8res et des contextes culturels.<\/p>\t\t\t\t\t\t\t\t<\/div>\n\t\t<div class=\"elementor-element elementor-element-1016fd4 e-con-full e-flex e-con e-child\" data-id=\"1016fd4\" data-element_type=\"container\" data-settings=\"{&quot;background_background&quot;:&quot;classic&quot;}\">\n\t\t\t\t<\/div>\n\t\t\t\t<div class=\"elementor-element elementor-element-ef401c7 elementor-invisible elementor-widget__width-initial animated-fast elementor-widget elementor-widget-heading\" data-id=\"ef401c7\" data-element_type=\"widget\" data-settings=\"{&quot;_animation&quot;:&quot;fadeIn&quot;,&quot;_animation_delay&quot;:0}\" data-widget_type=\"heading.default\">\n\t\t\t\t\t<h2 class=\"elementor-heading-title elementor-size-default\">Notre objectif<\/h2>\t\t\t\t<\/div>\n\t\t\t\t<div class=\"elementor-element elementor-element-7725772 elementor-widget elementor-widget-text-editor\" data-id=\"7725772\" data-element_type=\"widget\" data-widget_type=\"text-editor.default\">\n\t\t\t\t\t\t\t\t\t<p>Chez FINMETRIX, nous partageons un objectif commun : mettre notre expertise au service des entreprises qui souhaitent avancer avec clart\u00e9, structure et confiance. Cela signifie mobiliser notre savoir-faire approfondi en gestion des risques financiers, en comptabilit\u00e9 de couverture des produits d\u00e9riv\u00e9s et en solutions de tr\u00e9sorerie pour aider les entreprises \u00e0 naviguer \u00e0 travers la volatilit\u00e9 des devises, des mati\u00e8res premi\u00e8res et des taux d\u2019int\u00e9r\u00eat. Notre \u00e9quipe s\u2019engage \u00e0 fournir des solutions sur mesure qui prot\u00e8gent les marges, renforcent la planification financi\u00e8re et soutiennent une croissance durable, tant \u00e0 l\u2019\u00e9chelle locale qu\u2019internationale.<\/p>\t\t\t\t\t\t\t\t<\/div>\n\t\t\t\t<div class=\"vamtam-has-theme-widget-styles elementor-element elementor-element-d065139 elementor-invisible animated-fast vamtam-icon-pos-row-reverse vamtam-has-icon-styles vamtam-has-hover-anim vamtam-has-outside-icon elementor-widget elementor-widget-button\" data-id=\"d065139\" data-element_type=\"widget\" data-settings=\"{&quot;_animation&quot;:&quot;fadeIn&quot;,&quot;_animation_delay&quot;:400}\" data-widget_type=\"button.default\">\n\t\t\t\t\t\t\t\t\t\t<a class=\"elementor-button elementor-button-link elementor-size-sm\" href=\"\/fr\/our-team\/\">\n\t\t\t\t\t\t<span class=\"elementor-button-content-wrapper\">\n\t\t\t\t\t\t<span class=\"elementor-button-icon\">\n\t\t\t\t<i aria-hidden=\"true\" class=\"vamtamtheme- vamtam-theme-arrow-link-up\"><\/i>\t\t\t<\/span>\n\t\t\t\t\t\t\t\t\t<span class=\"elementor-button-text\">D\u00e9couvrez notre \u00e9quipe<\/span>\n\t\t\t\t\t<\/span>\n\t\t\t\t\t<\/a>\n\t\t\t\t\t\t\t\t<\/div>\n\t\t\t\t\t<\/div>\n\t\t\t\t<\/div>\n\t\t\t\t<\/div>","protected":false},"excerpt":{"rendered":"<p>Independent Portfolio Manager Independent portfolio manager specialized in financial risk management. Strategic extension of your financial team with expertise in hedging and derivatives. About FINMETRIX We act as a strategic extension of your financial team, providing you with deep expertise in hedging and derivatives. We help you confidently manage your challenges with currencies, commodities including&#8230;<\/p>","protected":false},"author":1,"featured_media":0,"parent":0,"menu_order":0,"comment_status":"closed","ping_status":"closed","template":"","meta":{"footnotes":""},"class_list":["post-988303","page","type-page","status-publish","hentry"],"yoast_head":"<!-- This site is optimized with the Yoast SEO plugin v26.1.1 - https:\/\/yoast.com\/wordpress\/plugins\/seo\/ -->\n<title>Our Mission | Independent Portfolio Manager - FINMETRIX<\/title>\n<meta name=\"description\" content=\"Learn about FINMETRIX&#039;s mission to provide expert financial risk management with rigor, humanity &amp; expertise.\" \/>\n<meta name=\"robots\" content=\"index, follow, max-snippet:-1, max-image-preview:large, max-video-preview:-1\" \/>\n<link rel=\"canonical\" href=\"https:\/\/v2.finmetrix.com\/our-mission\/\" \/>\n<meta property=\"og:locale\" content=\"fr_CA\" \/>\n<meta property=\"og:type\" content=\"article\" \/>\n<meta property=\"og:title\" content=\"Our Mission | Independent Portfolio Manager - FINMETRIX\" \/>\n<meta property=\"og:description\" content=\"Learn about FINMETRIX&#039;s mission to provide expert financial risk management with rigor, humanity &amp; expertise.\" \/>\n<meta property=\"og:url\" content=\"https:\/\/v2.finmetrix.com\/our-mission\/\" \/>\n<meta property=\"og:site_name\" content=\"FINMETRIX\" \/>\n<meta property=\"article:modified_time\" content=\"2025-11-18T15:56:31+00:00\" \/>\n<meta property=\"og:image\" content=\"https:\/\/seashell-lyrebird-743536.hostingersite.com\/wp-content\/uploads\/2025\/10\/Finmetrix-Action-BW-7_5_11zon-scaled-e1760091481123.jpg\" \/>\n<meta name=\"twitter:card\" content=\"summary_large_image\" \/>\n<meta name=\"twitter:label1\" content=\"Estimation du temps de lecture\" \/>\n\t<meta name=\"twitter:data1\" content=\"2 minutes\" \/>\n<script type=\"application\/ld+json\" class=\"yoast-schema-graph\">{\"@context\":\"https:\/\/schema.org\",\"@graph\":[{\"@type\":\"WebPage\",\"@id\":\"https:\/\/v2.finmetrix.com\/our-mission\/\",\"url\":\"https:\/\/v2.finmetrix.com\/our-mission\/\",\"name\":\"Our Mission | Independent Portfolio Manager - FINMETRIX\",\"isPartOf\":{\"@id\":\"https:\/\/v2.finmetrix.com\/#website\"},\"primaryImageOfPage\":{\"@id\":\"https:\/\/v2.finmetrix.com\/our-mission\/#primaryimage\"},\"image\":{\"@id\":\"https:\/\/v2.finmetrix.com\/our-mission\/#primaryimage\"},\"thumbnailUrl\":\"https:\/\/seashell-lyrebird-743536.hostingersite.com\/wp-content\/uploads\/2025\/10\/Finmetrix-Action-BW-7_5_11zon-scaled-e1760091481123.jpg\",\"datePublished\":\"2025-09-03T04:19:52+00:00\",\"dateModified\":\"2025-11-18T15:56:31+00:00\",\"description\":\"Learn about FINMETRIX's mission to provide expert financial risk management with rigor, humanity & expertise.\",\"breadcrumb\":{\"@id\":\"https:\/\/v2.finmetrix.com\/our-mission\/#breadcrumb\"},\"inLanguage\":\"fr-CA\",\"potentialAction\":[{\"@type\":\"ReadAction\",\"target\":[\"https:\/\/v2.finmetrix.com\/our-mission\/\"]}]},{\"@type\":\"ImageObject\",\"inLanguage\":\"fr-CA\",\"@id\":\"https:\/\/v2.finmetrix.com\/our-mission\/#primaryimage\",\"url\":\"https:\/\/seashell-lyrebird-743536.hostingersite.com\/wp-content\/uploads\/2025\/10\/Finmetrix-Action-BW-7_5_11zon-scaled-e1760091481123.jpg\",\"contentUrl\":\"https:\/\/seashell-lyrebird-743536.hostingersite.com\/wp-content\/uploads\/2025\/10\/Finmetrix-Action-BW-7_5_11zon-scaled-e1760091481123.jpg\"},{\"@type\":\"BreadcrumbList\",\"@id\":\"https:\/\/v2.finmetrix.com\/our-mission\/#breadcrumb\",\"itemListElement\":[{\"@type\":\"ListItem\",\"position\":1,\"name\":\"Home\",\"item\":\"https:\/\/finmetrix.com\/\"},{\"@type\":\"ListItem\",\"position\":2,\"name\":\"Our Mission\"}]},{\"@type\":\"WebSite\",\"@id\":\"https:\/\/v2.finmetrix.com\/#website\",\"url\":\"https:\/\/v2.finmetrix.com\/\",\"name\":\"FINMETRIX\",\"description\":\"Financial Consulting + Risk Management\",\"publisher\":{\"@id\":\"https:\/\/v2.finmetrix.com\/#organization\"},\"potentialAction\":[{\"@type\":\"SearchAction\",\"target\":{\"@type\":\"EntryPoint\",\"urlTemplate\":\"https:\/\/v2.finmetrix.com\/?s={search_term_string}\"},\"query-input\":{\"@type\":\"PropertyValueSpecification\",\"valueRequired\":true,\"valueName\":\"search_term_string\"}}],\"inLanguage\":\"fr-CA\"},{\"@type\":\"Organization\",\"@id\":\"https:\/\/v2.finmetrix.com\/#organization\",\"name\":\"FINMETRIX\",\"url\":\"https:\/\/v2.finmetrix.com\/\",\"logo\":{\"@type\":\"ImageObject\",\"inLanguage\":\"fr-CA\",\"@id\":\"https:\/\/v2.finmetrix.com\/#\/schema\/logo\/image\/\",\"url\":\"https:\/\/finmetrix.com\/wp-content\/uploads\/2025\/02\/Image-scaled.png\",\"contentUrl\":\"https:\/\/finmetrix.com\/wp-content\/uploads\/2025\/02\/Image-scaled.png\",\"width\":2560,\"height\":425,\"caption\":\"FINMETRIX\"},\"image\":{\"@id\":\"https:\/\/v2.finmetrix.com\/#\/schema\/logo\/image\/\"}}]}<\/script>\n<!-- \/ Yoast SEO plugin. -->","yoast_head_json":{"title":"Our Mission | Independent Portfolio Manager - FINMETRIX","description":"Learn about FINMETRIX's mission to provide expert financial risk management with rigor, humanity & expertise.","robots":{"index":"index","follow":"follow","max-snippet":"max-snippet:-1","max-image-preview":"max-image-preview:large","max-video-preview":"max-video-preview:-1"},"canonical":"https:\/\/v2.finmetrix.com\/our-mission\/","og_locale":"fr_CA","og_type":"article","og_title":"Our Mission | Independent Portfolio Manager - FINMETRIX","og_description":"Learn about FINMETRIX's mission to provide expert financial risk management with rigor, humanity & expertise.","og_url":"https:\/\/v2.finmetrix.com\/our-mission\/","og_site_name":"FINMETRIX","article_modified_time":"2025-11-18T15:56:31+00:00","og_image":[{"url":"https:\/\/seashell-lyrebird-743536.hostingersite.com\/wp-content\/uploads\/2025\/10\/Finmetrix-Action-BW-7_5_11zon-scaled-e1760091481123.jpg","type":"","width":"","height":""}],"twitter_card":"summary_large_image","twitter_misc":{"Estimation du temps de lecture":"2 minutes"},"schema":{"@context":"https:\/\/schema.org","@graph":[{"@type":"WebPage","@id":"https:\/\/v2.finmetrix.com\/our-mission\/","url":"https:\/\/v2.finmetrix.com\/our-mission\/","name":"Our Mission | Independent Portfolio Manager - FINMETRIX","isPartOf":{"@id":"https:\/\/v2.finmetrix.com\/#website"},"primaryImageOfPage":{"@id":"https:\/\/v2.finmetrix.com\/our-mission\/#primaryimage"},"image":{"@id":"https:\/\/v2.finmetrix.com\/our-mission\/#primaryimage"},"thumbnailUrl":"https:\/\/seashell-lyrebird-743536.hostingersite.com\/wp-content\/uploads\/2025\/10\/Finmetrix-Action-BW-7_5_11zon-scaled-e1760091481123.jpg","datePublished":"2025-09-03T04:19:52+00:00","dateModified":"2025-11-18T15:56:31+00:00","description":"Learn about FINMETRIX's mission to provide expert financial risk management with rigor, humanity & expertise.","breadcrumb":{"@id":"https:\/\/v2.finmetrix.com\/our-mission\/#breadcrumb"},"inLanguage":"fr-CA","potentialAction":[{"@type":"ReadAction","target":["https:\/\/v2.finmetrix.com\/our-mission\/"]}]},{"@type":"ImageObject","inLanguage":"fr-CA","@id":"https:\/\/v2.finmetrix.com\/our-mission\/#primaryimage","url":"https:\/\/seashell-lyrebird-743536.hostingersite.com\/wp-content\/uploads\/2025\/10\/Finmetrix-Action-BW-7_5_11zon-scaled-e1760091481123.jpg","contentUrl":"https:\/\/seashell-lyrebird-743536.hostingersite.com\/wp-content\/uploads\/2025\/10\/Finmetrix-Action-BW-7_5_11zon-scaled-e1760091481123.jpg"},{"@type":"BreadcrumbList","@id":"https:\/\/v2.finmetrix.com\/our-mission\/#breadcrumb","itemListElement":[{"@type":"ListItem","position":1,"name":"Home","item":"https:\/\/finmetrix.com\/"},{"@type":"ListItem","position":2,"name":"Our Mission"}]},{"@type":"WebSite","@id":"https:\/\/v2.finmetrix.com\/#website","url":"https:\/\/v2.finmetrix.com\/","name":"FINMETRIX","description":"Financial Consulting + Risk Management","publisher":{"@id":"https:\/\/v2.finmetrix.com\/#organization"},"potentialAction":[{"@type":"SearchAction","target":{"@type":"EntryPoint","urlTemplate":"https:\/\/v2.finmetrix.com\/?s={search_term_string}"},"query-input":{"@type":"PropertyValueSpecification","valueRequired":true,"valueName":"search_term_string"}}],"inLanguage":"fr-CA"},{"@type":"Organization","@id":"https:\/\/v2.finmetrix.com\/#organization","name":"FINMETRIX","url":"https:\/\/v2.finmetrix.com\/","logo":{"@type":"ImageObject","inLanguage":"fr-CA","@id":"https:\/\/v2.finmetrix.com\/#\/schema\/logo\/image\/","url":"https:\/\/finmetrix.com\/wp-content\/uploads\/2025\/02\/Image-scaled.png","contentUrl":"https:\/\/finmetrix.com\/wp-content\/uploads\/2025\/02\/Image-scaled.png","width":2560,"height":425,"caption":"FINMETRIX"},"image":{"@id":"https:\/\/v2.finmetrix.com\/#\/schema\/logo\/image\/"}}]}},"_links":{"self":[{"href":"https:\/\/finmetrix.com\/fr\/wp-json\/wp\/v2\/pages\/988303","targetHints":{"allow":["GET"]}}],"collection":[{"href":"https:\/\/finmetrix.com\/fr\/wp-json\/wp\/v2\/pages"}],"about":[{"href":"https:\/\/finmetrix.com\/fr\/wp-json\/wp\/v2\/types\/page"}],"author":[{"embeddable":true,"href":"https:\/\/finmetrix.com\/fr\/wp-json\/wp\/v2\/users\/1"}],"replies":[{"embeddable":true,"href":"https:\/\/finmetrix.com\/fr\/wp-json\/wp\/v2\/comments?post=988303"}],"version-history":[{"count":164,"href":"https:\/\/finmetrix.com\/fr\/wp-json\/wp\/v2\/pages\/988303\/revisions"}],"predecessor-version":[{"id":991894,"href":"https:\/\/finmetrix.com\/fr\/wp-json\/wp\/v2\/pages\/988303\/revisions\/991894"}],"wp:attachment":[{"href":"https:\/\/finmetrix.com\/fr\/wp-json\/wp\/v2\/media?parent=988303"}],"curies":[{"name":"wp","href":"https:\/\/api.w.org\/{rel}","templated":true}]}}