{"id":988699,"date":"2025-09-08T04:51:39","date_gmt":"2025-09-08T04:51:39","guid":{"rendered":"https:\/\/seashell-lyrebird-743536.hostingersite.com\/?page_id=988699"},"modified":"2025-11-18T15:54:28","modified_gmt":"2025-11-18T15:54:28","slug":"financial-risk-management","status":"publish","type":"page","link":"https:\/\/finmetrix.com\/fr\/financial-risk-management\/","title":{"rendered":"Gestion des risques financiers"},"content":{"rendered":"<div data-elementor-type=\"wp-page\" data-elementor-id=\"988699\" class=\"elementor elementor-988699\" data-elementor-post-type=\"page\">\n\t\t\t\t<div class=\"elementor-element elementor-element-16c158e e-flex e-con-boxed e-con e-parent\" data-id=\"16c158e\" data-element_type=\"container\" data-settings=\"{&quot;background_background&quot;:&quot;classic&quot;}\">\n\t\t\t\t\t<div class=\"e-con-inner\">\n\t\t\t\t<div class=\"elementor-element elementor-element-7fc046a elementor-invisible elementor-widget-mobile__width-auto animated-fast elementor-widget elementor-widget-heading\" data-id=\"7fc046a\" data-element_type=\"widget\" data-settings=\"{&quot;_animation&quot;:&quot;fadeInUp&quot;,&quot;_animation_delay&quot;:0}\" data-widget_type=\"heading.default\">\n\t\t\t\t\t<h1 class=\"elementor-heading-title elementor-size-default\">Gestion des risques financiers <br>Devises, taux d'int\u00e9r\u00eats, mati\u00e8res premi\u00e8res <\/h1>\t\t\t\t<\/div>\n\t\t\t\t<div class=\"elementor-element elementor-element-9a1cbfe elementor-widget elementor-widget-heading\" data-id=\"9a1cbfe\" data-element_type=\"widget\" data-widget_type=\"heading.default\">\n\t\t\t\t\t<p class=\"elementor-heading-title elementor-size-default\">Expertise en gestion des risques financiers li\u00e9s aux devises, aux taux d'int\u00e9r\u00eat et aux mati\u00e8res premi\u00e8res. Gestion de portefeuille<br> ind\u00e9pendante avec une expertise reconnue.\t<\/p>\t\t\t\t<\/div>\n\t\t\t\t\t<\/div>\n\t\t\t\t<\/div>\n\t\t<div class=\"elementor-element elementor-element-25d05d8 e-flex e-con-boxed e-con e-parent\" data-id=\"25d05d8\" data-element_type=\"container\" data-settings=\"{&quot;background_background&quot;:&quot;classic&quot;}\">\n\t\t\t\t\t<div class=\"e-con-inner\">\n\t\t<div class=\"elementor-element elementor-element-81fae57 e-con-full e-flex e-con e-child\" data-id=\"81fae57\" data-element_type=\"container\">\n\t\t\t\t<div class=\"elementor-element elementor-element-f54a84a elementor-widget elementor-widget-heading\" data-id=\"f54a84a\" data-element_type=\"widget\" data-widget_type=\"heading.default\">\n\t\t\t\t\t<h2 class=\"elementor-heading-title elementor-size-default\">Solutions compl\u00e8tes de gestion des risques financiers<\/h2>\t\t\t\t<\/div>\n\t\t\t\t<div class=\"elementor-element elementor-element-e83d893 elementor-widget elementor-widget-text-editor\" data-id=\"e83d893\" data-element_type=\"widget\" data-widget_type=\"text-editor.default\">\n\t\t\t\t\t\t\t\t\t<p>Dans une \u00e9conomie mondiale de plus en plus impr\u00e9visible, une gestion efficace des risques financiers est essentielle \u00e0 la stabilit\u00e9 et \u00e0 la croissance \u00e0 long terme. Notre \u00e9quipe propose des solutions strat\u00e9giques bas\u00e9es sur les donn\u00e9es pour aider les entreprises \u00e0 identifier, \u00e9valuer et att\u00e9nuer leur exposition \u00e0 la volatilit\u00e9 des march\u00e9s, qu\u2019il s\u2019agisse des devises, des taux d\u2019int\u00e9r\u00eat ou des mati\u00e8res premi\u00e8res.\nGr\u00e2ce \u00e0 une expertise ind\u00e9pendante et une gestion proactive des portefeuilles, nous prot\u00e9geons vos marges et renfor\u00e7ons votre r\u00e9silience financi\u00e8re.<\/p>\t\t\t\t\t\t\t\t<\/div>\n\t\t\t\t<\/div>\n\t\t<div class=\"elementor-element elementor-element-3fe0884 e-con-full e-flex e-con e-child\" data-id=\"3fe0884\" data-element_type=\"container\">\n\t\t\t\t<div class=\"elementor-element elementor-element-5cb0451 elementor-widget elementor-widget-image\" data-id=\"5cb0451\" data-element_type=\"widget\" data-widget_type=\"image.default\">\n\t\t\t\t\t\t\t\t\t\t\t\t\t\t\t<img fetchpriority=\"high\" decoding=\"async\" width=\"612\" height=\"408\" src=\"https:\/\/finmetrix.com\/wp-content\/uploads\/2025\/10\/istockphoto-1363382380-612x612-1.jpg\" class=\"attachment-full size-full wp-image-991454\" alt=\"Chess\" srcset=\"https:\/\/finmetrix.com\/wp-content\/uploads\/2025\/10\/istockphoto-1363382380-612x612-1.jpg 612w, https:\/\/finmetrix.com\/wp-content\/uploads\/2025\/10\/istockphoto-1363382380-612x612-1-300x200.jpg 300w, https:\/\/finmetrix.com\/wp-content\/uploads\/2025\/10\/istockphoto-1363382380-612x612-1-18x12.jpg 18w\" sizes=\"(max-width: 612px) 100vw, 612px\" \/>\t\t\t\t\t\t\t\t\t\t\t\t\t\t\t<\/div>\n\t\t\t\t<\/div>\n\t\t\t\t\t<\/div>\n\t\t\t\t<\/div>\n\t\t<div class=\"elementor-element elementor-element-78795b3 e-flex e-con-boxed e-con e-child\" data-id=\"78795b3\" data-element_type=\"container\">\n\t\t\t\t\t<div class=\"e-con-inner\">\n\t\t\t\t<div class=\"elementor-element elementor-element-a6801c6 elementor-invisible elementor-widget__width-initial animated-fast elementor-widget elementor-widget-heading\" data-id=\"a6801c6\" data-element_type=\"widget\" data-settings=\"{&quot;_animation&quot;:&quot;fadeIn&quot;}\" data-widget_type=\"heading.default\">\n\t\t\t\t\t<h1 class=\"elementor-heading-title elementor-size-default\">Expertise en gestion des risques financiers<\/h1>\t\t\t\t<\/div>\n\t\t<div class=\"elementor-element elementor-element-10a4c2b e-con-full e-flex e-con e-child\" data-id=\"10a4c2b\" data-element_type=\"container\">\n\t\t<div class=\"elementor-element elementor-element-f2ad1a8 elementor-invisible e-con-full vamtam-icon-hover-parent animated-fast e-flex e-con e-child\" data-id=\"f2ad1a8\" data-element_type=\"container\" data-settings=\"{&quot;background_background&quot;:&quot;classic&quot;,&quot;animation&quot;:&quot;slideInUp&quot;,&quot;animation_delay&quot;:0}\">\n\t\t\t\t<div class=\"vamtam-has-theme-widget-styles elementor-element elementor-element-e0ddc20 elementor-view-stacked vamtam-has-parent-hover elementor-shape-circle elementor-widget elementor-widget-icon\" data-id=\"e0ddc20\" data-element_type=\"widget\" data-widget_type=\"icon.default\">\n\t\t\t\t\t\t\t<div class=\"elementor-icon-wrapper\">\n\t\t\t<div class=\"elementor-icon\">\n\t\t\t<i aria-hidden=\"true\" class=\"vamtamtheme- vamtam-theme-check\"><\/i>\t\t\t<\/div>\n\t\t<\/div>\n\t\t\t\t\t\t<\/div>\n\t\t<div class=\"elementor-element elementor-element-4d67beb e-con-full e-flex e-con e-child\" data-id=\"4d67beb\" data-element_type=\"container\" data-settings=\"{&quot;background_background&quot;:&quot;classic&quot;}\">\n\t\t\t\t<div class=\"elementor-element elementor-element-de56c4e elementor-widget elementor-widget-heading\" data-id=\"de56c4e\" data-element_type=\"widget\" data-widget_type=\"heading.default\">\n\t\t\t\t\t<h4 class=\"elementor-heading-title elementor-size-default\">Gestion du risque de devises<\/h4>\t\t\t\t<\/div>\n\t\t\t\t<div class=\"elementor-element elementor-element-2934d77 elementor-widget elementor-widget-text-editor\" data-id=\"2934d77\" data-element_type=\"widget\" data-widget_type=\"text-editor.default\">\n\t\t\t\t\t\t\t\t\t<p>Dans une \u00e9conomie interconnect\u00e9e, les fluctuations des devises touchent un nombre croissant d\u2019entreprises, directement ou via leur cha\u00eene d\u2019approvisionnement, leur client\u00e8le ou leur financement. Que vous achetiez \u00e0 l\u2019\u00e9tranger, facturiez en devises ou soyez expos\u00e9 \u00e0 des prix mondialis\u00e9s, la volatilit\u00e9 peut r\u00e9duire vos marges, fausser vos pr\u00e9visions et nuire \u00e0 votre comp\u00e9titivit\u00e9.<\/p>\t\t\t\t\t\t\t\t<\/div>\n\t\t\t\t<\/div>\n\t\t\t\t<\/div>\n\t\t<div class=\"elementor-element elementor-element-896032f elementor-invisible e-con-full vamtam-icon-hover-parent animated-fast e-flex e-con e-child\" data-id=\"896032f\" data-element_type=\"container\" data-settings=\"{&quot;background_background&quot;:&quot;classic&quot;,&quot;animation&quot;:&quot;slideInUp&quot;,&quot;animation_delay&quot;:0}\">\n\t\t\t\t<div class=\"vamtam-has-theme-widget-styles elementor-element elementor-element-650bad8 elementor-view-stacked vamtam-has-parent-hover elementor-shape-circle elementor-widget elementor-widget-icon\" data-id=\"650bad8\" data-element_type=\"widget\" data-widget_type=\"icon.default\">\n\t\t\t\t\t\t\t<div class=\"elementor-icon-wrapper\">\n\t\t\t<div class=\"elementor-icon\">\n\t\t\t<i aria-hidden=\"true\" class=\"vamtamtheme- vamtam-theme-check\"><\/i>\t\t\t<\/div>\n\t\t<\/div>\n\t\t\t\t\t\t<\/div>\n\t\t<div class=\"elementor-element elementor-element-b75008b e-con-full e-flex e-con e-child\" data-id=\"b75008b\" data-element_type=\"container\" data-settings=\"{&quot;background_background&quot;:&quot;classic&quot;}\">\n\t\t\t\t<div class=\"elementor-element elementor-element-2b58fbf elementor-widget elementor-widget-heading\" data-id=\"2b58fbf\" data-element_type=\"widget\" data-widget_type=\"heading.default\">\n\t\t\t\t\t<h4 class=\"elementor-heading-title elementor-size-default\">Gestion du risque de taux d'int\u00e9r\u00eat<\/h4>\t\t\t\t<\/div>\n\t\t\t\t<div class=\"elementor-element elementor-element-c831e6a elementor-widget elementor-widget-text-editor\" data-id=\"c831e6a\" data-element_type=\"widget\" data-widget_type=\"text-editor.default\">\n\t\t\t\t\t\t\t\t\t<p>La volatilit\u00e9 des taux d'int\u00e9r\u00eat peut fragiliser la structure financi\u00e8re de votre entreprise. Pr\u00eats \u00e0 taux variable, financements \u00e0 long terme ou investissements majeurs : chaque d\u00e9cision est expos\u00e9e. G\u00e9rer ce risque signifie prot\u00e9ger vos marges, s\u00e9curiser vos pr\u00e9visions et pr\u00e9server votre capacit\u00e9 \u00e0 investir sereinement dans votre entreprise.<\/p>\t\t\t\t\t\t\t\t<\/div>\n\t\t\t\t<\/div>\n\t\t\t\t<\/div>\n\t\t<div class=\"elementor-element elementor-element-686bcb1 elementor-invisible e-con-full vamtam-icon-hover-parent animated-fast e-flex e-con e-child\" data-id=\"686bcb1\" data-element_type=\"container\" data-settings=\"{&quot;background_background&quot;:&quot;classic&quot;,&quot;animation&quot;:&quot;slideInUp&quot;,&quot;animation_delay&quot;:0}\">\n\t\t\t\t<div class=\"vamtam-has-theme-widget-styles elementor-element elementor-element-ebca1a9 elementor-view-stacked vamtam-has-parent-hover elementor-shape-circle elementor-widget elementor-widget-icon\" data-id=\"ebca1a9\" data-element_type=\"widget\" data-widget_type=\"icon.default\">\n\t\t\t\t\t\t\t<div class=\"elementor-icon-wrapper\">\n\t\t\t<div class=\"elementor-icon\">\n\t\t\t<i aria-hidden=\"true\" class=\"vamtamtheme- vamtam-theme-check\"><\/i>\t\t\t<\/div>\n\t\t<\/div>\n\t\t\t\t\t\t<\/div>\n\t\t<div class=\"elementor-element elementor-element-16e6092 e-con-full e-flex e-con e-child\" data-id=\"16e6092\" data-element_type=\"container\" data-settings=\"{&quot;background_background&quot;:&quot;classic&quot;}\">\n\t\t\t\t<div class=\"elementor-element elementor-element-137859d elementor-widget elementor-widget-heading\" data-id=\"137859d\" data-element_type=\"widget\" data-widget_type=\"heading.default\">\n\t\t\t\t\t<h4 class=\"elementor-heading-title elementor-size-default\">Gestion du risque des produits<\/h4>\t\t\t\t<\/div>\n\t\t\t\t<div class=\"elementor-element elementor-element-388971d elementor-widget elementor-widget-text-editor\" data-id=\"388971d\" data-element_type=\"widget\" data-widget_type=\"text-editor.default\">\n\t\t\t\t\t\t\t\t\t<p>Les entreprises d\u00e9pendantes des mati\u00e8res premi\u00e8res sont r\u00e9guli\u00e8rement confront\u00e9es \u00e0 des hausses soudaines, des p\u00e9nuries inattendues ou des changements structurels de l'offre mondiale. Qu'il s'agisse d'\u00e9nergie, de produits agricoles, de m\u00e9taux ou de logistique maritime, ces variations peuvent compromettre vos marges, d\u00e9s\u00e9quilibrer vos contrats et affecter vos capacit\u00e9s de production.<\/p>\t\t\t\t\t\t\t\t<\/div>\n\t\t\t\t<\/div>\n\t\t\t\t<\/div>\n\t\t<div class=\"elementor-element elementor-element-3722d9f elementor-invisible e-con-full vamtam-icon-hover-parent animated-fast e-flex e-con e-child\" data-id=\"3722d9f\" data-element_type=\"container\" data-settings=\"{&quot;background_background&quot;:&quot;classic&quot;,&quot;animation&quot;:&quot;slideInUp&quot;,&quot;animation_delay&quot;:0}\">\n\t\t\t\t<div class=\"vamtam-has-theme-widget-styles elementor-element elementor-element-d12d59b elementor-view-stacked vamtam-has-parent-hover elementor-shape-circle elementor-widget elementor-widget-icon\" data-id=\"d12d59b\" data-element_type=\"widget\" data-widget_type=\"icon.default\">\n\t\t\t\t\t\t\t<div class=\"elementor-icon-wrapper\">\n\t\t\t<div class=\"elementor-icon\">\n\t\t\t<i aria-hidden=\"true\" class=\"vamtamtheme- vamtam-theme-check\"><\/i>\t\t\t<\/div>\n\t\t<\/div>\n\t\t\t\t\t\t<\/div>\n\t\t<div class=\"elementor-element elementor-element-88273ad e-con-full e-flex e-con e-child\" data-id=\"88273ad\" data-element_type=\"container\" data-settings=\"{&quot;background_background&quot;:&quot;classic&quot;}\">\n\t\t\t\t<div class=\"elementor-element elementor-element-2f8fa6e elementor-widget elementor-widget-heading\" data-id=\"2f8fa6e\" data-element_type=\"widget\" data-widget_type=\"heading.default\">\n\t\t\t\t\t<h4 class=\"elementor-heading-title elementor-size-default\">Notre approche de la gestion des risques<\/h4>\t\t\t\t<\/div>\n\t\t\t\t<div class=\"elementor-element elementor-element-a2b5600 elementor-widget elementor-widget-text-editor\" data-id=\"a2b5600\" data-element_type=\"widget\" data-widget_type=\"text-editor.default\">\n\t\t\t\t\t\t\t\t\t<p>Notre approche \u00e0 360\u00b0 allie technologies analytiques avanc\u00e9es et expertise approfondie pour identifier les risques qui influencent vos op\u00e9rations. Qu'il s'agisse de devises, de mati\u00e8res premi\u00e8res ou de taux d'int\u00e9r\u00eat, nous vous aidons \u00e0 transformer la complexit\u00e9 en leviers de performance.<\/p>\t\t\t\t\t\t\t\t<\/div>\n\t\t\t\t<\/div>\n\t\t\t\t<\/div>\n\t\t\t\t<\/div>\n\t\t\t\t<div class=\"vamtam-has-theme-widget-styles elementor-element elementor-element-98863e2 vamtam-icon-pos-row-reverse vamtam-has-icon-styles vamtam-has-hover-anim vamtam-has-outside-icon elementor-mobile-align-center elementor-widget elementor-widget-button\" data-id=\"98863e2\" data-element_type=\"widget\" data-widget_type=\"button.default\">\n\t\t\t\t\t\t\t\t\t\t<a class=\"elementor-button elementor-button-link elementor-size-sm\" href=\"\/fr\/contact\/\">\n\t\t\t\t\t\t<span class=\"elementor-button-content-wrapper\">\n\t\t\t\t\t\t<span class=\"elementor-button-icon\">\n\t\t\t\t<i aria-hidden=\"true\" class=\"vamtamtheme- vamtam-theme-arrow-link-up\"><\/i>\t\t\t<\/span>\n\t\t\t\t\t\t\t\t\t<span class=\"elementor-button-text\">Contactez-nous<\/span>\n\t\t\t\t\t<\/span>\n\t\t\t\t\t<\/a>\n\t\t\t\t\t\t\t\t<\/div>\n\t\t\t\t\t<\/div>\n\t\t\t\t<\/div>\n\t\t\t\t<\/div>","protected":false},"excerpt":{"rendered":"<p>Financial Risk Management Currencies, Interest Rates, Commodities Expert financial risk management for currencies, interest rates and commodities. Independent portfolio management with proven expertise. Comprehensive Financial Risk Management Solutions In an increasingly unpredictable global economy, managing financial risks effectively is crucial for long-term stability and growth. Our team provides strategic, data-driven solutions to help businesses identify,&#8230;<\/p>","protected":false},"author":1,"featured_media":0,"parent":0,"menu_order":0,"comment_status":"closed","ping_status":"closed","template":"","meta":{"footnotes":""},"class_list":["post-988699","page","type-page","status-publish","hentry"],"yoast_head":"<!-- This site is optimized with the Yoast SEO plugin v26.1.1 - https:\/\/yoast.com\/wordpress\/plugins\/seo\/ -->\n<title>Financial Risk Management Services | FINMETRIX<\/title>\n<meta name=\"description\" content=\"Expert financial risk management for currencies, interest rates &amp; commodities. Independent portfolio management with proven strategies.\" \/>\n<meta name=\"robots\" content=\"index, follow, max-snippet:-1, max-image-preview:large, max-video-preview:-1\" \/>\n<link rel=\"canonical\" href=\"https:\/\/v2.finmetrix.com\/financial-risk-management\/\" \/>\n<meta property=\"og:locale\" content=\"fr_CA\" \/>\n<meta property=\"og:type\" content=\"article\" \/>\n<meta property=\"og:title\" content=\"Financial Risk Management Services | FINMETRIX\" \/>\n<meta property=\"og:description\" content=\"Expert financial risk management for currencies, interest rates &amp; commodities. Independent portfolio management with proven strategies.\" \/>\n<meta property=\"og:url\" content=\"https:\/\/v2.finmetrix.com\/financial-risk-management\/\" \/>\n<meta property=\"og:site_name\" content=\"FINMETRIX\" \/>\n<meta property=\"article:modified_time\" content=\"2025-11-18T15:54:28+00:00\" \/>\n<meta property=\"og:image\" content=\"https:\/\/seashell-lyrebird-743536.hostingersite.com\/wp-content\/uploads\/2025\/10\/istockphoto-1363382380-612x612-1.jpg\" \/>\n<meta name=\"twitter:card\" content=\"summary_large_image\" \/>\n<meta name=\"twitter:label1\" content=\"Estimation du temps de lecture\" \/>\n\t<meta name=\"twitter:data1\" content=\"2 minutes\" \/>\n<script type=\"application\/ld+json\" class=\"yoast-schema-graph\">{\"@context\":\"https:\/\/schema.org\",\"@graph\":[{\"@type\":\"WebPage\",\"@id\":\"https:\/\/v2.finmetrix.com\/financial-risk-management\/\",\"url\":\"https:\/\/v2.finmetrix.com\/financial-risk-management\/\",\"name\":\"Financial Risk Management Services | FINMETRIX\",\"isPartOf\":{\"@id\":\"https:\/\/v2.finmetrix.com\/#website\"},\"primaryImageOfPage\":{\"@id\":\"https:\/\/v2.finmetrix.com\/financial-risk-management\/#primaryimage\"},\"image\":{\"@id\":\"https:\/\/v2.finmetrix.com\/financial-risk-management\/#primaryimage\"},\"thumbnailUrl\":\"https:\/\/seashell-lyrebird-743536.hostingersite.com\/wp-content\/uploads\/2025\/10\/istockphoto-1363382380-612x612-1.jpg\",\"datePublished\":\"2025-09-08T04:51:39+00:00\",\"dateModified\":\"2025-11-18T15:54:28+00:00\",\"description\":\"Expert financial risk management for currencies, interest rates & commodities. Independent portfolio management with proven strategies.\",\"breadcrumb\":{\"@id\":\"https:\/\/v2.finmetrix.com\/financial-risk-management\/#breadcrumb\"},\"inLanguage\":\"fr-CA\",\"potentialAction\":[{\"@type\":\"ReadAction\",\"target\":[\"https:\/\/v2.finmetrix.com\/financial-risk-management\/\"]}]},{\"@type\":\"ImageObject\",\"inLanguage\":\"fr-CA\",\"@id\":\"https:\/\/v2.finmetrix.com\/financial-risk-management\/#primaryimage\",\"url\":\"https:\/\/seashell-lyrebird-743536.hostingersite.com\/wp-content\/uploads\/2025\/10\/istockphoto-1363382380-612x612-1.jpg\",\"contentUrl\":\"https:\/\/seashell-lyrebird-743536.hostingersite.com\/wp-content\/uploads\/2025\/10\/istockphoto-1363382380-612x612-1.jpg\"},{\"@type\":\"BreadcrumbList\",\"@id\":\"https:\/\/v2.finmetrix.com\/financial-risk-management\/#breadcrumb\",\"itemListElement\":[{\"@type\":\"ListItem\",\"position\":1,\"name\":\"Home\",\"item\":\"https:\/\/finmetrix.com\/\"},{\"@type\":\"ListItem\",\"position\":2,\"name\":\"Financial Risk Management\"}]},{\"@type\":\"WebSite\",\"@id\":\"https:\/\/v2.finmetrix.com\/#website\",\"url\":\"https:\/\/v2.finmetrix.com\/\",\"name\":\"FINMETRIX\",\"description\":\"Financial Consulting + Risk Management\",\"publisher\":{\"@id\":\"https:\/\/v2.finmetrix.com\/#organization\"},\"potentialAction\":[{\"@type\":\"SearchAction\",\"target\":{\"@type\":\"EntryPoint\",\"urlTemplate\":\"https:\/\/v2.finmetrix.com\/?s={search_term_string}\"},\"query-input\":{\"@type\":\"PropertyValueSpecification\",\"valueRequired\":true,\"valueName\":\"search_term_string\"}}],\"inLanguage\":\"fr-CA\"},{\"@type\":\"Organization\",\"@id\":\"https:\/\/v2.finmetrix.com\/#organization\",\"name\":\"FINMETRIX\",\"url\":\"https:\/\/v2.finmetrix.com\/\",\"logo\":{\"@type\":\"ImageObject\",\"inLanguage\":\"fr-CA\",\"@id\":\"https:\/\/v2.finmetrix.com\/#\/schema\/logo\/image\/\",\"url\":\"https:\/\/finmetrix.com\/wp-content\/uploads\/2025\/02\/Image-scaled.png\",\"contentUrl\":\"https:\/\/finmetrix.com\/wp-content\/uploads\/2025\/02\/Image-scaled.png\",\"width\":2560,\"height\":425,\"caption\":\"FINMETRIX\"},\"image\":{\"@id\":\"https:\/\/v2.finmetrix.com\/#\/schema\/logo\/image\/\"}}]}<\/script>\n<!-- \/ Yoast SEO plugin. -->","yoast_head_json":{"title":"Financial Risk Management Services | FINMETRIX","description":"Expert financial risk management for currencies, interest rates & commodities. Independent portfolio management with proven strategies.","robots":{"index":"index","follow":"follow","max-snippet":"max-snippet:-1","max-image-preview":"max-image-preview:large","max-video-preview":"max-video-preview:-1"},"canonical":"https:\/\/v2.finmetrix.com\/financial-risk-management\/","og_locale":"fr_CA","og_type":"article","og_title":"Financial Risk Management Services | FINMETRIX","og_description":"Expert financial risk management for currencies, interest rates & commodities. Independent portfolio management with proven strategies.","og_url":"https:\/\/v2.finmetrix.com\/financial-risk-management\/","og_site_name":"FINMETRIX","article_modified_time":"2025-11-18T15:54:28+00:00","og_image":[{"url":"https:\/\/seashell-lyrebird-743536.hostingersite.com\/wp-content\/uploads\/2025\/10\/istockphoto-1363382380-612x612-1.jpg","type":"","width":"","height":""}],"twitter_card":"summary_large_image","twitter_misc":{"Estimation du temps de lecture":"2 minutes"},"schema":{"@context":"https:\/\/schema.org","@graph":[{"@type":"WebPage","@id":"https:\/\/v2.finmetrix.com\/financial-risk-management\/","url":"https:\/\/v2.finmetrix.com\/financial-risk-management\/","name":"Financial Risk Management Services | FINMETRIX","isPartOf":{"@id":"https:\/\/v2.finmetrix.com\/#website"},"primaryImageOfPage":{"@id":"https:\/\/v2.finmetrix.com\/financial-risk-management\/#primaryimage"},"image":{"@id":"https:\/\/v2.finmetrix.com\/financial-risk-management\/#primaryimage"},"thumbnailUrl":"https:\/\/seashell-lyrebird-743536.hostingersite.com\/wp-content\/uploads\/2025\/10\/istockphoto-1363382380-612x612-1.jpg","datePublished":"2025-09-08T04:51:39+00:00","dateModified":"2025-11-18T15:54:28+00:00","description":"Expert financial risk management for currencies, interest rates & commodities. Independent portfolio management with proven strategies.","breadcrumb":{"@id":"https:\/\/v2.finmetrix.com\/financial-risk-management\/#breadcrumb"},"inLanguage":"fr-CA","potentialAction":[{"@type":"ReadAction","target":["https:\/\/v2.finmetrix.com\/financial-risk-management\/"]}]},{"@type":"ImageObject","inLanguage":"fr-CA","@id":"https:\/\/v2.finmetrix.com\/financial-risk-management\/#primaryimage","url":"https:\/\/seashell-lyrebird-743536.hostingersite.com\/wp-content\/uploads\/2025\/10\/istockphoto-1363382380-612x612-1.jpg","contentUrl":"https:\/\/seashell-lyrebird-743536.hostingersite.com\/wp-content\/uploads\/2025\/10\/istockphoto-1363382380-612x612-1.jpg"},{"@type":"BreadcrumbList","@id":"https:\/\/v2.finmetrix.com\/financial-risk-management\/#breadcrumb","itemListElement":[{"@type":"ListItem","position":1,"name":"Home","item":"https:\/\/finmetrix.com\/"},{"@type":"ListItem","position":2,"name":"Financial Risk Management"}]},{"@type":"WebSite","@id":"https:\/\/v2.finmetrix.com\/#website","url":"https:\/\/v2.finmetrix.com\/","name":"FINMETRIX","description":"Financial Consulting + Risk Management","publisher":{"@id":"https:\/\/v2.finmetrix.com\/#organization"},"potentialAction":[{"@type":"SearchAction","target":{"@type":"EntryPoint","urlTemplate":"https:\/\/v2.finmetrix.com\/?s={search_term_string}"},"query-input":{"@type":"PropertyValueSpecification","valueRequired":true,"valueName":"search_term_string"}}],"inLanguage":"fr-CA"},{"@type":"Organization","@id":"https:\/\/v2.finmetrix.com\/#organization","name":"FINMETRIX","url":"https:\/\/v2.finmetrix.com\/","logo":{"@type":"ImageObject","inLanguage":"fr-CA","@id":"https:\/\/v2.finmetrix.com\/#\/schema\/logo\/image\/","url":"https:\/\/finmetrix.com\/wp-content\/uploads\/2025\/02\/Image-scaled.png","contentUrl":"https:\/\/finmetrix.com\/wp-content\/uploads\/2025\/02\/Image-scaled.png","width":2560,"height":425,"caption":"FINMETRIX"},"image":{"@id":"https:\/\/v2.finmetrix.com\/#\/schema\/logo\/image\/"}}]}},"_links":{"self":[{"href":"https:\/\/finmetrix.com\/fr\/wp-json\/wp\/v2\/pages\/988699","targetHints":{"allow":["GET"]}}],"collection":[{"href":"https:\/\/finmetrix.com\/fr\/wp-json\/wp\/v2\/pages"}],"about":[{"href":"https:\/\/finmetrix.com\/fr\/wp-json\/wp\/v2\/types\/page"}],"author":[{"embeddable":true,"href":"https:\/\/finmetrix.com\/fr\/wp-json\/wp\/v2\/users\/1"}],"replies":[{"embeddable":true,"href":"https:\/\/finmetrix.com\/fr\/wp-json\/wp\/v2\/comments?post=988699"}],"version-history":[{"count":124,"href":"https:\/\/finmetrix.com\/fr\/wp-json\/wp\/v2\/pages\/988699\/revisions"}],"predecessor-version":[{"id":991888,"href":"https:\/\/finmetrix.com\/fr\/wp-json\/wp\/v2\/pages\/988699\/revisions\/991888"}],"wp:attachment":[{"href":"https:\/\/finmetrix.com\/fr\/wp-json\/wp\/v2\/media?parent=988699"}],"curies":[{"name":"wp","href":"https:\/\/api.w.org\/{rel}","templated":true}]}}