{"id":988738,"date":"2025-09-08T05:07:53","date_gmt":"2025-09-08T05:07:53","guid":{"rendered":"https:\/\/seashell-lyrebird-743536.hostingersite.com\/?page_id=988738"},"modified":"2025-11-18T15:55:54","modified_gmt":"2025-11-18T15:55:54","slug":"valuation-hedge-accounting","status":"publish","type":"page","link":"https:\/\/finmetrix.com\/fr\/valuation-hedge-accounting\/","title":{"rendered":"Valorisation et comptabilit\u00e9 de couverture"},"content":{"rendered":"<div data-elementor-type=\"wp-page\" data-elementor-id=\"988738\" class=\"elementor elementor-988738\" data-elementor-post-type=\"page\">\n\t\t\t\t<div class=\"elementor-element elementor-element-6738e8d e-flex e-con-boxed e-con e-parent\" data-id=\"6738e8d\" data-element_type=\"container\" data-settings=\"{&quot;background_background&quot;:&quot;classic&quot;}\">\n\t\t\t\t\t<div class=\"e-con-inner\">\n\t\t\t\t<div class=\"elementor-element elementor-element-2038ec1 elementor-invisible elementor-widget-mobile__width-auto animated-fast elementor-widget elementor-widget-heading\" data-id=\"2038ec1\" data-element_type=\"widget\" data-settings=\"{&quot;_animation&quot;:&quot;fadeInUp&quot;,&quot;_animation_delay&quot;:0}\" data-widget_type=\"heading.default\">\n\t\t\t\t\t<h1 class=\"elementor-heading-title elementor-size-default\">Harmonisation des \u00e9tats financiers<\/h1>\t\t\t\t<\/div>\n\t\t\t\t<div class=\"elementor-element elementor-element-f68c236 elementor-widget elementor-widget-heading\" data-id=\"f68c236\" data-element_type=\"widget\" data-widget_type=\"heading.default\">\n\t\t\t\t\t<p class=\"elementor-heading-title elementor-size-default\">\tServices experts en comptabilit\u00e9 de couverture. Alignez les \u00e9tats financiers avec la r\u00e9alit\u00e9 \u00e9conomique gr\u00e2ce \u00e0 une comptabilisation<br> appropri\u00e9e des instruments de couverture.<\/p>\t\t\t\t<\/div>\n\t\t\t\t\t<\/div>\n\t\t\t\t<\/div>\n\t\t<div class=\"elementor-element elementor-element-569183d e-flex e-con-boxed e-con e-parent\" data-id=\"569183d\" data-element_type=\"container\" data-settings=\"{&quot;background_background&quot;:&quot;classic&quot;}\">\n\t\t\t\t\t<div class=\"e-con-inner\">\n\t\t<div class=\"elementor-element elementor-element-9eb6529 e-con-full e-flex e-con e-child\" data-id=\"9eb6529\" data-element_type=\"container\">\n\t\t\t\t<div class=\"elementor-element elementor-element-29b3852 elementor-invisible elementor-widget__width-initial animated-fast elementor-widget elementor-widget-heading\" data-id=\"29b3852\" data-element_type=\"widget\" data-settings=\"{&quot;_animation&quot;:&quot;fadeIn&quot;,&quot;_animation_delay&quot;:0}\" data-widget_type=\"heading.default\">\n\t\t\t\t\t<h1 class=\"elementor-heading-title elementor-size-default\">Expertise en \u00e9valuation des instruments d\u00e9riv\u00e9s et en comptabilit\u00e9 de couverture<\/h1>\t\t\t\t<\/div>\n\t\t\t\t<div class=\"elementor-element elementor-element-b9b6001 elementor-widget elementor-widget-text-editor\" data-id=\"b9b6001\" data-element_type=\"widget\" data-widget_type=\"text-editor.default\">\n\t\t\t\t\t\t\t\t\t<ul><li>Tests d\u2019efficacit\u00e9<\/li><li>M\u00e9thodologies qualitatives et quantitatives<\/li><li>Documentation et rapports<\/li><li>Soutien aux audits et \u00e0 la production des \u00e9tats financiers<\/li><li>Fichiers justificatifs \u00e0 l\u2019intention des auditeurs<\/li><li>Explication des impacts comptables<\/li><li>Conseils sur le traitement comptable des instruments financiers<\/li><\/ul><div>\u00a0<\/div>\t\t\t\t\t\t\t\t<\/div>\n\t\t\t\t<div class=\"elementor-element elementor-element-15345b0 elementor-widget elementor-widget-heading\" data-id=\"15345b0\" data-element_type=\"widget\" data-widget_type=\"heading.default\">\n\t\t\t\t\t<h2 class=\"elementor-heading-title elementor-size-default\">Notre approche<\/h2>\t\t\t\t<\/div>\n\t\t\t\t<div class=\"elementor-element elementor-element-c20708d elementor-widget elementor-widget-text-editor\" data-id=\"c20708d\" data-element_type=\"widget\" data-widget_type=\"text-editor.default\">\n\t\t\t\t\t\t\t\t\t<p>Nous combinons rigueur technique, expertise comptable et pragmatisme op\u00e9rationnel. Nos services s\u2019adaptent \u00e0 la complexit\u00e9 de vos portefeuilles, \u00e0 vos contraintes internes ainsi qu\u2019aux attentes de vos auditeurs.<br \/>Contactez-nous pour discuter de vos enjeux li\u00e9s \u00e0 la valorisation ou \u00e0 la documentation de couverture. Nos experts sont l\u00e0 pour vous accompagner.<\/p>\t\t\t\t\t\t\t\t<\/div>\n\t\t\t\t<\/div>\n\t\t<div class=\"elementor-element elementor-element-f5d6402 e-con-full e-flex e-con e-child\" data-id=\"f5d6402\" data-element_type=\"container\">\n\t\t\t\t<div class=\"elementor-element elementor-element-2234950 elementor-widget elementor-widget-image\" data-id=\"2234950\" data-element_type=\"widget\" data-widget_type=\"image.default\">\n\t\t\t\t\t\t\t\t\t\t\t\t\t\t\t<img fetchpriority=\"high\" decoding=\"async\" width=\"1500\" height=\"1500\" src=\"https:\/\/finmetrix.com\/wp-content\/uploads\/2025\/09\/4781.jpg\" class=\"attachment-full size-full wp-image-989305\" alt=\"\" srcset=\"https:\/\/finmetrix.com\/wp-content\/uploads\/2025\/09\/4781.jpg 1500w, https:\/\/finmetrix.com\/wp-content\/uploads\/2025\/09\/4781-300x300.jpg 300w, https:\/\/finmetrix.com\/wp-content\/uploads\/2025\/09\/4781-1024x1024.jpg 1024w, https:\/\/finmetrix.com\/wp-content\/uploads\/2025\/09\/4781-150x150.jpg 150w, https:\/\/finmetrix.com\/wp-content\/uploads\/2025\/09\/4781-768x768.jpg 768w\" sizes=\"(max-width: 1500px) 100vw, 1500px\" \/>\t\t\t\t\t\t\t\t\t\t\t\t\t\t\t<\/div>\n\t\t\t\t<\/div>\n\t\t\t\t\t<\/div>\n\t\t\t\t<\/div>\n\t\t<div class=\"elementor-element elementor-element-891c5d2 e-flex e-con-boxed e-con e-child\" data-id=\"891c5d2\" data-element_type=\"container\">\n\t\t\t\t\t<div class=\"e-con-inner\">\n\t\t\t\t<div class=\"elementor-element elementor-element-5b8512d elementor-invisible elementor-widget__width-initial animated-fast elementor-widget elementor-widget-heading\" data-id=\"5b8512d\" data-element_type=\"widget\" data-settings=\"{&quot;_animation&quot;:&quot;fadeIn&quot;}\" data-widget_type=\"heading.default\">\n\t\t\t\t\t<h1 class=\"elementor-heading-title elementor-size-default\">Vue d\u2019ensemble et savoir-faire en comptabilit\u00e9 de couverture<\/h1>\t\t\t\t<\/div>\n\t\t<div class=\"elementor-element elementor-element-f397464 e-con-full e-flex e-con e-child\" data-id=\"f397464\" data-element_type=\"container\">\n\t\t<div class=\"elementor-element elementor-element-484969c elementor-invisible e-con-full vamtam-icon-hover-parent animated-fast e-flex e-con e-child\" data-id=\"484969c\" data-element_type=\"container\" data-settings=\"{&quot;background_background&quot;:&quot;classic&quot;,&quot;animation&quot;:&quot;slideInUp&quot;,&quot;animation_delay&quot;:0}\">\n\t\t\t\t<div class=\"vamtam-has-theme-widget-styles elementor-element elementor-element-2c5bc92 elementor-view-stacked vamtam-has-parent-hover elementor-shape-circle elementor-widget elementor-widget-icon\" data-id=\"2c5bc92\" data-element_type=\"widget\" data-widget_type=\"icon.default\">\n\t\t\t\t\t\t\t<div class=\"elementor-icon-wrapper\">\n\t\t\t<div class=\"elementor-icon\">\n\t\t\t<i aria-hidden=\"true\" class=\"vamtamtheme- vamtam-theme-check\"><\/i>\t\t\t<\/div>\n\t\t<\/div>\n\t\t\t\t\t\t<\/div>\n\t\t<div class=\"elementor-element elementor-element-20f2428 e-con-full e-flex e-con e-child\" data-id=\"20f2428\" data-element_type=\"container\" data-settings=\"{&quot;background_background&quot;:&quot;classic&quot;}\">\n\t\t\t\t<div class=\"elementor-element elementor-element-056e501 elementor-widget elementor-widget-heading\" data-id=\"056e501\" data-element_type=\"widget\" data-widget_type=\"heading.default\">\n\t\t\t\t\t<h4 class=\"elementor-heading-title elementor-size-default\">Avantages de la couverture<\/h4>\t\t\t\t<\/div>\n\t\t\t\t<div class=\"elementor-element elementor-element-6a54d29 elementor-widget elementor-widget-text-editor\" data-id=\"6a54d29\" data-element_type=\"widget\" data-widget_type=\"text-editor.default\">\n\t\t\t\t\t\t\t\t\t<p>La comptabilit\u00e9 de couverture aligne les \u00e9tats financiers sur la r\u00e9alit\u00e9 \u00e9conomique et les objectifs de gestion des risques.\nEn associant les instruments de couverture aux \u00e9l\u00e9ments couverts, elle \u00e9vite les distorsions et garantit une plus grande transparence ainsi qu\u2019une meilleure pr\u00e9cision dans l\u2019information financi\u00e8re.<\/p>\t\t\t\t\t\t\t\t<\/div>\n\t\t\t\t<\/div>\n\t\t\t\t<\/div>\n\t\t<div class=\"elementor-element elementor-element-2883228 elementor-invisible e-con-full vamtam-icon-hover-parent animated-fast e-flex e-con e-child\" data-id=\"2883228\" data-element_type=\"container\" data-settings=\"{&quot;background_background&quot;:&quot;classic&quot;,&quot;animation&quot;:&quot;slideInUp&quot;,&quot;animation_delay&quot;:0}\">\n\t\t\t\t<div class=\"vamtam-has-theme-widget-styles elementor-element elementor-element-50f9ac2 elementor-view-stacked vamtam-has-parent-hover elementor-shape-circle elementor-widget elementor-widget-icon\" data-id=\"50f9ac2\" data-element_type=\"widget\" data-widget_type=\"icon.default\">\n\t\t\t\t\t\t\t<div class=\"elementor-icon-wrapper\">\n\t\t\t<div class=\"elementor-icon\">\n\t\t\t<i aria-hidden=\"true\" class=\"vamtamtheme- vamtam-theme-check\"><\/i>\t\t\t<\/div>\n\t\t<\/div>\n\t\t\t\t\t\t<\/div>\n\t\t<div class=\"elementor-element elementor-element-daee8d4 e-con-full e-flex e-con e-child\" data-id=\"daee8d4\" data-element_type=\"container\" data-settings=\"{&quot;background_background&quot;:&quot;classic&quot;}\">\n\t\t\t\t<div class=\"elementor-element elementor-element-b6d1207 elementor-widget elementor-widget-heading\" data-id=\"b6d1207\" data-element_type=\"widget\" data-widget_type=\"heading.default\">\n\t\t\t\t\t<h4 class=\"elementor-heading-title elementor-size-default\">Expertise en gestion des risques financiers<\/h4>\t\t\t\t<\/div>\n\t\t\t\t<div class=\"elementor-element elementor-element-c626475 elementor-widget elementor-widget-text-editor\" data-id=\"c626475\" data-element_type=\"widget\" data-widget_type=\"text-editor.default\">\n\t\t\t\t\t\t\t\t\t<p>Notre \u00e9quipe apporte clart\u00e9, structure et r\u00e9sultats mesurables face aux risques de march\u00e9. Nous agissons comme une extension strat\u00e9gique de votre \u00e9quipe financi\u00e8re, en vous apportant une expertise approfondie en mati\u00e8re de couverture et de produits d\u00e9riv\u00e9s.<\/p>\t\t\t\t\t\t\t\t<\/div>\n\t\t\t\t<\/div>\n\t\t\t\t<\/div>\n\t\t<div class=\"elementor-element elementor-element-7ad5161 elementor-invisible e-con-full vamtam-icon-hover-parent animated-fast e-flex e-con e-child\" data-id=\"7ad5161\" data-element_type=\"container\" data-settings=\"{&quot;background_background&quot;:&quot;classic&quot;,&quot;animation&quot;:&quot;slideInUp&quot;,&quot;animation_delay&quot;:0}\">\n\t\t\t\t<div class=\"vamtam-has-theme-widget-styles elementor-element elementor-element-3233b11 elementor-view-stacked vamtam-has-parent-hover elementor-shape-circle elementor-widget elementor-widget-icon\" data-id=\"3233b11\" data-element_type=\"widget\" data-widget_type=\"icon.default\">\n\t\t\t\t\t\t\t<div class=\"elementor-icon-wrapper\">\n\t\t\t<div class=\"elementor-icon\">\n\t\t\t<i aria-hidden=\"true\" class=\"vamtamtheme- vamtam-theme-check\"><\/i>\t\t\t<\/div>\n\t\t<\/div>\n\t\t\t\t\t\t<\/div>\n\t\t<div class=\"elementor-element elementor-element-87a15f9 e-con-full e-flex e-con e-child\" data-id=\"87a15f9\" data-element_type=\"container\" data-settings=\"{&quot;background_background&quot;:&quot;classic&quot;}\">\n\t\t\t\t<div class=\"elementor-element elementor-element-671127a elementor-widget elementor-widget-heading\" data-id=\"671127a\" data-element_type=\"widget\" data-widget_type=\"heading.default\">\n\t\t\t\t\t<h4 class=\"elementor-heading-title elementor-size-default\">\u00c9valuation des instruments d\u00e9riv\u00e9s\n<\/h4>\t\t\t\t<\/div>\n\t\t\t\t<div class=\"elementor-element elementor-element-7dc73d3 elementor-widget elementor-widget-text-editor\" data-id=\"7dc73d3\" data-element_type=\"widget\" data-widget_type=\"text-editor.default\">\n\t\t\t\t\t\t\t\t\t<p>Valorisations ind\u00e9pendantes, pr\u00eates pour audit, couvrant les d\u00e9riv\u00e9s de taux d\u2019int\u00e9r\u00eat, de change et de mati\u00e8res premi\u00e8res, y compris les instruments complexes tels que les options, les swaps et les produits structur\u00e9s exotiques.<\/p>\t\t\t\t\t\t\t\t<\/div>\n\t\t\t\t<\/div>\n\t\t\t\t<\/div>\n\t\t<div class=\"elementor-element elementor-element-09d12c2 elementor-invisible e-con-full vamtam-icon-hover-parent animated-fast e-flex e-con e-child\" data-id=\"09d12c2\" data-element_type=\"container\" data-settings=\"{&quot;background_background&quot;:&quot;classic&quot;,&quot;animation&quot;:&quot;slideInUp&quot;,&quot;animation_delay&quot;:0}\">\n\t\t\t\t<div class=\"vamtam-has-theme-widget-styles elementor-element elementor-element-ca10457 elementor-view-stacked vamtam-has-parent-hover elementor-shape-circle elementor-widget elementor-widget-icon\" data-id=\"ca10457\" data-element_type=\"widget\" data-widget_type=\"icon.default\">\n\t\t\t\t\t\t\t<div class=\"elementor-icon-wrapper\">\n\t\t\t<div class=\"elementor-icon\">\n\t\t\t<i aria-hidden=\"true\" class=\"vamtamtheme- vamtam-theme-check\"><\/i>\t\t\t<\/div>\n\t\t<\/div>\n\t\t\t\t\t\t<\/div>\n\t\t<div class=\"elementor-element elementor-element-0257778 e-con-full e-flex e-con e-child\" data-id=\"0257778\" data-element_type=\"container\" data-settings=\"{&quot;background_background&quot;:&quot;classic&quot;}\">\n\t\t\t\t<div class=\"elementor-element elementor-element-ecf95e4 elementor-widget elementor-widget-heading\" data-id=\"ecf95e4\" data-element_type=\"widget\" data-widget_type=\"heading.default\">\n\t\t\t\t\t<h4 class=\"elementor-heading-title elementor-size-default\">Documentation de la couverture\n<\/h4>\t\t\t\t<\/div>\n\t\t\t\t<div class=\"elementor-element elementor-element-5e026b6 elementor-widget elementor-widget-text-editor\" data-id=\"5e026b6\" data-element_type=\"widget\" data-widget_type=\"text-editor.default\">\n\t\t\t\t\t\t\t\t\t<p>FINMETRIX veille \u00e0 la conformit\u00e9 avec les normes comptables utilis\u00e9es par l\u2019entreprise.<br \/>Incluent la couverture des flux de tr\u00e9sorerie, de la juste valeur et des investissements nets.<br \/>\u00c9laboration des documents n\u00e9cessaires relatifs aux relations de couverture, \u00e0 la strat\u00e9gie adopt\u00e9e et \u00e0 l\u2019efficacit\u00e9 de la couverture.<\/p>\t\t\t\t\t\t\t\t<\/div>\n\t\t\t\t<\/div>\n\t\t\t\t<\/div>\n\t\t\t\t<\/div>\n\t\t\t\t<div class=\"vamtam-has-theme-widget-styles elementor-element elementor-element-ce820cf vamtam-icon-pos-row-reverse vamtam-has-icon-styles vamtam-has-hover-anim vamtam-has-outside-icon elementor-mobile-align-center elementor-widget elementor-widget-button\" data-id=\"ce820cf\" data-element_type=\"widget\" data-widget_type=\"button.default\">\n\t\t\t\t\t\t\t\t\t\t<a class=\"elementor-button elementor-button-link elementor-size-sm\" href=\"\/fr\/contact\/\">\n\t\t\t\t\t\t<span class=\"elementor-button-content-wrapper\">\n\t\t\t\t\t\t<span class=\"elementor-button-icon\">\n\t\t\t\t<i aria-hidden=\"true\" class=\"vamtamtheme- vamtam-theme-arrow-link-up\"><\/i>\t\t\t<\/span>\n\t\t\t\t\t\t\t\t\t<span class=\"elementor-button-text\">Contactez-nous<\/span>\n\t\t\t\t\t<\/span>\n\t\t\t\t\t<\/a>\n\t\t\t\t\t\t\t\t<\/div>\n\t\t\t\t\t<\/div>\n\t\t\t\t<\/div>\n\t\t\t\t<\/div>","protected":false},"excerpt":{"rendered":"<p>Financial Statement Alignment Expert hedge accounting services. Align financial statements with economic reality through proper accounting of hedging instruments. Derivatives Valuation and Hedge Accounting Expertise Effectiveness Testing Qualitative and quantitative methodologies Documentation and reporting Support for audits and financial reporting Supporting files for auditors Explanation of accounting impacts Guidance on the treatment of financial instruments&#8230;<\/p>","protected":false},"author":1,"featured_media":0,"parent":0,"menu_order":0,"comment_status":"closed","ping_status":"closed","template":"","meta":{"footnotes":""},"class_list":["post-988738","page","type-page","status-publish","hentry"],"yoast_head":"<!-- This site is optimized with the Yoast SEO plugin v26.1.1 - https:\/\/yoast.com\/wordpress\/plugins\/seo\/ -->\n<title>Valuation &amp; Hedge Accounting Services | FINMETRIX<\/title>\n<meta name=\"description\" content=\"Expert hedge accounting services &amp; derivative valuations. Align financial statements with economic reality.\" \/>\n<meta name=\"robots\" content=\"index, follow, max-snippet:-1, max-image-preview:large, max-video-preview:-1\" \/>\n<link rel=\"canonical\" href=\"https:\/\/v2.finmetrix.com\/valuation-hedge-accounting\/\" \/>\n<meta property=\"og:locale\" content=\"fr_CA\" \/>\n<meta property=\"og:type\" content=\"article\" \/>\n<meta property=\"og:title\" content=\"Valuation &amp; Hedge Accounting Services | FINMETRIX\" \/>\n<meta property=\"og:description\" content=\"Expert hedge accounting services &amp; derivative valuations. Align financial statements with economic reality.\" \/>\n<meta property=\"og:url\" content=\"https:\/\/v2.finmetrix.com\/valuation-hedge-accounting\/\" \/>\n<meta property=\"og:site_name\" content=\"FINMETRIX\" \/>\n<meta property=\"article:modified_time\" content=\"2025-11-18T15:55:54+00:00\" \/>\n<meta property=\"og:image\" content=\"https:\/\/seashell-lyrebird-743536.hostingersite.com\/wp-content\/uploads\/2025\/09\/4781.jpg\" \/>\n<meta name=\"twitter:card\" content=\"summary_large_image\" \/>\n<meta name=\"twitter:label1\" content=\"Estimation du temps de lecture\" \/>\n\t<meta name=\"twitter:data1\" content=\"2 minutes\" \/>\n<script type=\"application\/ld+json\" class=\"yoast-schema-graph\">{\"@context\":\"https:\/\/schema.org\",\"@graph\":[{\"@type\":\"WebPage\",\"@id\":\"https:\/\/v2.finmetrix.com\/valuation-hedge-accounting\/\",\"url\":\"https:\/\/v2.finmetrix.com\/valuation-hedge-accounting\/\",\"name\":\"Valuation & Hedge Accounting Services | FINMETRIX\",\"isPartOf\":{\"@id\":\"https:\/\/v2.finmetrix.com\/#website\"},\"primaryImageOfPage\":{\"@id\":\"https:\/\/v2.finmetrix.com\/valuation-hedge-accounting\/#primaryimage\"},\"image\":{\"@id\":\"https:\/\/v2.finmetrix.com\/valuation-hedge-accounting\/#primaryimage\"},\"thumbnailUrl\":\"https:\/\/seashell-lyrebird-743536.hostingersite.com\/wp-content\/uploads\/2025\/09\/4781.jpg\",\"datePublished\":\"2025-09-08T05:07:53+00:00\",\"dateModified\":\"2025-11-18T15:55:54+00:00\",\"description\":\"Expert hedge accounting services & derivative valuations. Align financial statements with economic reality.\",\"breadcrumb\":{\"@id\":\"https:\/\/v2.finmetrix.com\/valuation-hedge-accounting\/#breadcrumb\"},\"inLanguage\":\"fr-CA\",\"potentialAction\":[{\"@type\":\"ReadAction\",\"target\":[\"https:\/\/v2.finmetrix.com\/valuation-hedge-accounting\/\"]}]},{\"@type\":\"ImageObject\",\"inLanguage\":\"fr-CA\",\"@id\":\"https:\/\/v2.finmetrix.com\/valuation-hedge-accounting\/#primaryimage\",\"url\":\"https:\/\/seashell-lyrebird-743536.hostingersite.com\/wp-content\/uploads\/2025\/09\/4781.jpg\",\"contentUrl\":\"https:\/\/seashell-lyrebird-743536.hostingersite.com\/wp-content\/uploads\/2025\/09\/4781.jpg\"},{\"@type\":\"BreadcrumbList\",\"@id\":\"https:\/\/v2.finmetrix.com\/valuation-hedge-accounting\/#breadcrumb\",\"itemListElement\":[{\"@type\":\"ListItem\",\"position\":1,\"name\":\"Home\",\"item\":\"https:\/\/finmetrix.com\/\"},{\"@type\":\"ListItem\",\"position\":2,\"name\":\"Valuation &#038; Hedge Accounting\"}]},{\"@type\":\"WebSite\",\"@id\":\"https:\/\/v2.finmetrix.com\/#website\",\"url\":\"https:\/\/v2.finmetrix.com\/\",\"name\":\"FINMETRIX\",\"description\":\"Financial Consulting + Risk Management\",\"publisher\":{\"@id\":\"https:\/\/v2.finmetrix.com\/#organization\"},\"potentialAction\":[{\"@type\":\"SearchAction\",\"target\":{\"@type\":\"EntryPoint\",\"urlTemplate\":\"https:\/\/v2.finmetrix.com\/?s={search_term_string}\"},\"query-input\":{\"@type\":\"PropertyValueSpecification\",\"valueRequired\":true,\"valueName\":\"search_term_string\"}}],\"inLanguage\":\"fr-CA\"},{\"@type\":\"Organization\",\"@id\":\"https:\/\/v2.finmetrix.com\/#organization\",\"name\":\"FINMETRIX\",\"url\":\"https:\/\/v2.finmetrix.com\/\",\"logo\":{\"@type\":\"ImageObject\",\"inLanguage\":\"fr-CA\",\"@id\":\"https:\/\/v2.finmetrix.com\/#\/schema\/logo\/image\/\",\"url\":\"https:\/\/finmetrix.com\/wp-content\/uploads\/2025\/02\/Image-scaled.png\",\"contentUrl\":\"https:\/\/finmetrix.com\/wp-content\/uploads\/2025\/02\/Image-scaled.png\",\"width\":2560,\"height\":425,\"caption\":\"FINMETRIX\"},\"image\":{\"@id\":\"https:\/\/v2.finmetrix.com\/#\/schema\/logo\/image\/\"}}]}<\/script>\n<!-- \/ Yoast SEO plugin. -->","yoast_head_json":{"title":"Valuation & Hedge Accounting Services | FINMETRIX","description":"Expert hedge accounting services & derivative valuations. Align financial statements with economic reality.","robots":{"index":"index","follow":"follow","max-snippet":"max-snippet:-1","max-image-preview":"max-image-preview:large","max-video-preview":"max-video-preview:-1"},"canonical":"https:\/\/v2.finmetrix.com\/valuation-hedge-accounting\/","og_locale":"fr_CA","og_type":"article","og_title":"Valuation & Hedge Accounting Services | FINMETRIX","og_description":"Expert hedge accounting services & derivative valuations. Align financial statements with economic reality.","og_url":"https:\/\/v2.finmetrix.com\/valuation-hedge-accounting\/","og_site_name":"FINMETRIX","article_modified_time":"2025-11-18T15:55:54+00:00","og_image":[{"url":"https:\/\/seashell-lyrebird-743536.hostingersite.com\/wp-content\/uploads\/2025\/09\/4781.jpg","type":"","width":"","height":""}],"twitter_card":"summary_large_image","twitter_misc":{"Estimation du temps de lecture":"2 minutes"},"schema":{"@context":"https:\/\/schema.org","@graph":[{"@type":"WebPage","@id":"https:\/\/v2.finmetrix.com\/valuation-hedge-accounting\/","url":"https:\/\/v2.finmetrix.com\/valuation-hedge-accounting\/","name":"Valuation & Hedge Accounting Services | FINMETRIX","isPartOf":{"@id":"https:\/\/v2.finmetrix.com\/#website"},"primaryImageOfPage":{"@id":"https:\/\/v2.finmetrix.com\/valuation-hedge-accounting\/#primaryimage"},"image":{"@id":"https:\/\/v2.finmetrix.com\/valuation-hedge-accounting\/#primaryimage"},"thumbnailUrl":"https:\/\/seashell-lyrebird-743536.hostingersite.com\/wp-content\/uploads\/2025\/09\/4781.jpg","datePublished":"2025-09-08T05:07:53+00:00","dateModified":"2025-11-18T15:55:54+00:00","description":"Expert hedge accounting services & derivative valuations. Align financial statements with economic reality.","breadcrumb":{"@id":"https:\/\/v2.finmetrix.com\/valuation-hedge-accounting\/#breadcrumb"},"inLanguage":"fr-CA","potentialAction":[{"@type":"ReadAction","target":["https:\/\/v2.finmetrix.com\/valuation-hedge-accounting\/"]}]},{"@type":"ImageObject","inLanguage":"fr-CA","@id":"https:\/\/v2.finmetrix.com\/valuation-hedge-accounting\/#primaryimage","url":"https:\/\/seashell-lyrebird-743536.hostingersite.com\/wp-content\/uploads\/2025\/09\/4781.jpg","contentUrl":"https:\/\/seashell-lyrebird-743536.hostingersite.com\/wp-content\/uploads\/2025\/09\/4781.jpg"},{"@type":"BreadcrumbList","@id":"https:\/\/v2.finmetrix.com\/valuation-hedge-accounting\/#breadcrumb","itemListElement":[{"@type":"ListItem","position":1,"name":"Home","item":"https:\/\/finmetrix.com\/"},{"@type":"ListItem","position":2,"name":"Valuation &#038; Hedge Accounting"}]},{"@type":"WebSite","@id":"https:\/\/v2.finmetrix.com\/#website","url":"https:\/\/v2.finmetrix.com\/","name":"FINMETRIX","description":"Financial Consulting + Risk Management","publisher":{"@id":"https:\/\/v2.finmetrix.com\/#organization"},"potentialAction":[{"@type":"SearchAction","target":{"@type":"EntryPoint","urlTemplate":"https:\/\/v2.finmetrix.com\/?s={search_term_string}"},"query-input":{"@type":"PropertyValueSpecification","valueRequired":true,"valueName":"search_term_string"}}],"inLanguage":"fr-CA"},{"@type":"Organization","@id":"https:\/\/v2.finmetrix.com\/#organization","name":"FINMETRIX","url":"https:\/\/v2.finmetrix.com\/","logo":{"@type":"ImageObject","inLanguage":"fr-CA","@id":"https:\/\/v2.finmetrix.com\/#\/schema\/logo\/image\/","url":"https:\/\/finmetrix.com\/wp-content\/uploads\/2025\/02\/Image-scaled.png","contentUrl":"https:\/\/finmetrix.com\/wp-content\/uploads\/2025\/02\/Image-scaled.png","width":2560,"height":425,"caption":"FINMETRIX"},"image":{"@id":"https:\/\/v2.finmetrix.com\/#\/schema\/logo\/image\/"}}]}},"_links":{"self":[{"href":"https:\/\/finmetrix.com\/fr\/wp-json\/wp\/v2\/pages\/988738","targetHints":{"allow":["GET"]}}],"collection":[{"href":"https:\/\/finmetrix.com\/fr\/wp-json\/wp\/v2\/pages"}],"about":[{"href":"https:\/\/finmetrix.com\/fr\/wp-json\/wp\/v2\/types\/page"}],"author":[{"embeddable":true,"href":"https:\/\/finmetrix.com\/fr\/wp-json\/wp\/v2\/users\/1"}],"replies":[{"embeddable":true,"href":"https:\/\/finmetrix.com\/fr\/wp-json\/wp\/v2\/comments?post=988738"}],"version-history":[{"count":146,"href":"https:\/\/finmetrix.com\/fr\/wp-json\/wp\/v2\/pages\/988738\/revisions"}],"predecessor-version":[{"id":991891,"href":"https:\/\/finmetrix.com\/fr\/wp-json\/wp\/v2\/pages\/988738\/revisions\/991891"}],"wp:attachment":[{"href":"https:\/\/finmetrix.com\/fr\/wp-json\/wp\/v2\/media?parent=988738"}],"curies":[{"name":"wp","href":"https:\/\/api.w.org\/{rel}","templated":true}]}}