{"id":988760,"date":"2025-09-08T05:17:47","date_gmt":"2025-09-08T05:17:47","guid":{"rendered":"https:\/\/seashell-lyrebird-743536.hostingersite.com\/?page_id=988760"},"modified":"2025-11-18T16:04:32","modified_gmt":"2025-11-18T16:04:32","slug":"liquidity-treaasury-solutions","status":"publish","type":"page","link":"https:\/\/finmetrix.com\/fr\/liquidity-treaasury-solutions\/","title":{"rendered":"Solutions de liquidit\u00e9 et tr\u00e9sorerie"},"content":{"rendered":"<div data-elementor-type=\"wp-page\" data-elementor-id=\"988760\" class=\"elementor elementor-988760\" data-elementor-post-type=\"page\">\n\t\t\t\t<div class=\"elementor-element elementor-element-eccd3a7 e-flex e-con-boxed e-con e-parent\" data-id=\"eccd3a7\" data-element_type=\"container\" data-settings=\"{&quot;background_background&quot;:&quot;classic&quot;}\">\n\t\t\t\t\t<div class=\"e-con-inner\">\n\t\t\t\t<div class=\"elementor-element elementor-element-a5f7ad6 elementor-invisible elementor-widget-mobile__width-auto animated-fast elementor-widget elementor-widget-heading\" data-id=\"a5f7ad6\" data-element_type=\"widget\" data-settings=\"{&quot;_animation&quot;:&quot;fadeInUp&quot;,&quot;_animation_delay&quot;:0}\" data-widget_type=\"heading.default\">\n\t\t\t\t\t<h1 class=\"elementor-heading-title elementor-size-default\"> Gestion des risques de tr\u00e9sorerie<\/br> \net de liquidit\u00e9<\/h1>\t\t\t\t<\/div>\n\t\t\t\t<div class=\"elementor-element elementor-element-8014ff9 elementor-widget elementor-widget-heading\" data-id=\"8014ff9\" data-element_type=\"widget\" data-widget_type=\"heading.default\">\n\t\t\t\t\t<p class=\"elementor-heading-title elementor-size-default\">Impl\u00e9mentation experte de Kyriba et gestion des liquidit\u00e9s. Modernisez la gestion de tr\u00e9sorerie gr\u00e2ce au Cloud <br>et \u00e0 notre savoir-faire certifi\u00e9.<\/p>\t\t\t\t<\/div>\n\t\t\t\t\t<\/div>\n\t\t\t\t<\/div>\n\t\t<div class=\"elementor-element elementor-element-ac1b1e0 e-flex e-con-boxed e-con e-parent\" data-id=\"ac1b1e0\" data-element_type=\"container\" data-settings=\"{&quot;background_background&quot;:&quot;classic&quot;}\">\n\t\t\t\t\t<div class=\"e-con-inner\">\n\t\t<div class=\"elementor-element elementor-element-2027fdc e-con-full e-flex e-con e-child\" data-id=\"2027fdc\" data-element_type=\"container\">\n\t\t\t\t<div class=\"elementor-element elementor-element-4ced088 elementor-widget elementor-widget-heading\" data-id=\"4ced088\" data-element_type=\"widget\" data-widget_type=\"heading.default\">\n\t\t\t\t\t<h2 class=\"elementor-heading-title elementor-size-default\">Gestion moderne des liquidit\u00e9s<\/h2>\t\t\t\t<\/div>\n\t\t\t\t<div class=\"elementor-element elementor-element-6d9191d elementor-widget elementor-widget-text-editor\" data-id=\"6d9191d\" data-element_type=\"widget\" data-widget_type=\"text-editor.default\">\n\t\t\t\t\t\t\t\t\t<p>G\u00e9rer sa tr\u00e9sorerie exige bien plus que de simples feuilles de calcul. Une visibilit\u00e9 en temps r\u00e9el, des processus automatis\u00e9s et l\u2019int\u00e9gration des risques financiers sont d\u00e9sormais essentiels.\nNous accompagnons les entreprises dans le d\u00e9ploiement de la plateforme infonuagique Kyriba afin de transformer leur gestion de tr\u00e9sorerie, de paiements et d\u2019exposition financi\u00e8re, tant au niveau local qu\u2019international.<\/p>\t\t\t\t\t\t\t\t<\/div>\n\t\t\t\t<\/div>\n\t\t<div class=\"elementor-element elementor-element-c271709 e-con-full e-flex e-con e-child\" data-id=\"c271709\" data-element_type=\"container\">\n\t\t\t\t<div class=\"elementor-element elementor-element-8a77f19 elementor-widget elementor-widget-image\" data-id=\"8a77f19\" data-element_type=\"widget\" data-widget_type=\"image.default\">\n\t\t\t\t\t\t\t\t\t\t\t\t\t\t\t<img fetchpriority=\"high\" decoding=\"async\" width=\"1024\" height=\"1024\" src=\"https:\/\/finmetrix.com\/wp-content\/uploads\/2025\/09\/1967-min-1024x1024.jpg\" class=\"attachment-large size-large wp-image-988767\" alt=\"\" srcset=\"https:\/\/finmetrix.com\/wp-content\/uploads\/2025\/09\/1967-min-1024x1024.jpg 1024w, https:\/\/finmetrix.com\/wp-content\/uploads\/2025\/09\/1967-min-300x300.jpg 300w, https:\/\/finmetrix.com\/wp-content\/uploads\/2025\/09\/1967-min-150x150.jpg 150w, https:\/\/finmetrix.com\/wp-content\/uploads\/2025\/09\/1967-min-768x768.jpg 768w, https:\/\/finmetrix.com\/wp-content\/uploads\/2025\/09\/1967-min.jpg 1500w\" sizes=\"(max-width: 1024px) 100vw, 1024px\" \/>\t\t\t\t\t\t\t\t\t\t\t\t\t\t\t<\/div>\n\t\t\t\t<\/div>\n\t\t\t\t\t<\/div>\n\t\t\t\t<\/div>\n\t\t<div class=\"elementor-element elementor-element-f97138d e-flex e-con-boxed e-con e-child\" data-id=\"f97138d\" data-element_type=\"container\">\n\t\t\t\t\t<div class=\"e-con-inner\">\n\t\t\t\t<div class=\"elementor-element elementor-element-f57ed00 elementor-invisible elementor-widget__width-initial animated-fast elementor-widget elementor-widget-heading\" data-id=\"f57ed00\" data-element_type=\"widget\" data-settings=\"{&quot;_animation&quot;:&quot;fadeIn&quot;}\" data-widget_type=\"heading.default\">\n\t\t\t\t\t<h1 class=\"elementor-heading-title elementor-size-default\">Nos experts certifi\u00e9s Kyriba s'assurent :<\/h1>\t\t\t\t<\/div>\n\t\t<div class=\"elementor-element elementor-element-c4ffbd9 e-con-full e-flex e-con e-child\" data-id=\"c4ffbd9\" data-element_type=\"container\">\n\t\t<div class=\"elementor-element elementor-element-3d61fe1 elementor-invisible e-con-full vamtam-icon-hover-parent animated-fast e-flex e-con e-child\" data-id=\"3d61fe1\" data-element_type=\"container\" data-settings=\"{&quot;background_background&quot;:&quot;classic&quot;,&quot;animation&quot;:&quot;slideInUp&quot;,&quot;animation_delay&quot;:0}\">\n\t\t\t\t<div class=\"vamtam-has-theme-widget-styles elementor-element elementor-element-b2210a9 elementor-view-stacked vamtam-has-parent-hover elementor-shape-circle elementor-widget elementor-widget-icon\" data-id=\"b2210a9\" data-element_type=\"widget\" data-widget_type=\"icon.default\">\n\t\t\t\t\t\t\t<div class=\"elementor-icon-wrapper\">\n\t\t\t<div class=\"elementor-icon\">\n\t\t\t<i aria-hidden=\"true\" class=\"vamtamtheme- vamtam-theme-check\"><\/i>\t\t\t<\/div>\n\t\t<\/div>\n\t\t\t\t\t\t<\/div>\n\t\t<div class=\"elementor-element elementor-element-bfef6c6 e-con-full e-flex e-con e-child\" data-id=\"bfef6c6\" data-element_type=\"container\" data-settings=\"{&quot;background_background&quot;:&quot;classic&quot;}\">\n\t\t\t\t<div class=\"elementor-element elementor-element-57f828b elementor-widget elementor-widget-heading\" data-id=\"57f828b\" data-element_type=\"widget\" data-widget_type=\"heading.default\">\n\t\t\t\t\t<h4 class=\"elementor-heading-title elementor-size-default\">D\u00e9ploiement et optimisation de Kyriba <\/h4>\t\t\t\t<\/div>\n\t\t\t\t<div class=\"elementor-element elementor-element-988890e elementor-widget elementor-widget-text-editor\" data-id=\"988890e\" data-element_type=\"widget\" data-widget_type=\"text-editor.default\">\n\t\t\t\t\t\t\t\t\t<p>Int\u00e9gration avec les ERP et les plateformes bancaires, d\u00e9ploiement des APIs, optimisation post-impl\u00e9mentation et soutien post-d\u00e9ploiement.<\/p>\t\t\t\t\t\t\t\t<\/div>\n\t\t\t\t<\/div>\n\t\t\t\t<\/div>\n\t\t<div class=\"elementor-element elementor-element-175857b elementor-invisible e-con-full vamtam-icon-hover-parent animated-fast e-flex e-con e-child\" data-id=\"175857b\" data-element_type=\"container\" data-settings=\"{&quot;background_background&quot;:&quot;classic&quot;,&quot;animation&quot;:&quot;slideInUp&quot;,&quot;animation_delay&quot;:0}\">\n\t\t\t\t<div class=\"vamtam-has-theme-widget-styles elementor-element elementor-element-1d384d2 elementor-view-stacked vamtam-has-parent-hover elementor-shape-circle elementor-widget elementor-widget-icon\" data-id=\"1d384d2\" data-element_type=\"widget\" data-widget_type=\"icon.default\">\n\t\t\t\t\t\t\t<div class=\"elementor-icon-wrapper\">\n\t\t\t<div class=\"elementor-icon\">\n\t\t\t<i aria-hidden=\"true\" class=\"vamtamtheme- vamtam-theme-check\"><\/i>\t\t\t<\/div>\n\t\t<\/div>\n\t\t\t\t\t\t<\/div>\n\t\t<div class=\"elementor-element elementor-element-a047fb5 e-con-full e-flex e-con e-child\" data-id=\"a047fb5\" data-element_type=\"container\" data-settings=\"{&quot;background_background&quot;:&quot;classic&quot;}\">\n\t\t\t\t<div class=\"elementor-element elementor-element-03ae877 elementor-widget elementor-widget-heading\" data-id=\"03ae877\" data-element_type=\"widget\" data-widget_type=\"heading.default\">\n\t\t\t\t\t<h4 class=\"elementor-heading-title elementor-size-default\"> Rationalisation des processus de paiement<\/h4>\t\t\t\t<\/div>\n\t\t\t\t<div class=\"elementor-element elementor-element-3e5bc13 elementor-widget elementor-widget-text-editor\" data-id=\"3e5bc13\" data-element_type=\"widget\" data-widget_type=\"text-editor.default\">\n\t\t\t\t\t\t\t\t\t<p>Optimisation des paiements li\u00e9s aux ERP, mise en place de r\u00e9seaux de paiement modernes, gestion centralis\u00e9e via des hubs et des comptes virtuels, le tout pens\u00e9 pour maximiser l\u2019efficacit\u00e9, assurer la conformit\u00e9 et pr\u00e9venir la fraude.<\/p>\t\t\t\t\t\t\t\t<\/div>\n\t\t\t\t<\/div>\n\t\t\t\t<\/div>\n\t\t<div class=\"elementor-element elementor-element-b69e4f1 elementor-invisible e-con-full vamtam-icon-hover-parent animated-fast e-flex e-con e-child\" data-id=\"b69e4f1\" data-element_type=\"container\" data-settings=\"{&quot;background_background&quot;:&quot;classic&quot;,&quot;animation&quot;:&quot;slideInUp&quot;,&quot;animation_delay&quot;:0}\">\n\t\t\t\t<div class=\"vamtam-has-theme-widget-styles elementor-element elementor-element-b715a07 elementor-view-stacked vamtam-has-parent-hover elementor-shape-circle elementor-widget elementor-widget-icon\" data-id=\"b715a07\" data-element_type=\"widget\" data-widget_type=\"icon.default\">\n\t\t\t\t\t\t\t<div class=\"elementor-icon-wrapper\">\n\t\t\t<div class=\"elementor-icon\">\n\t\t\t<i aria-hidden=\"true\" class=\"vamtamtheme- vamtam-theme-check\"><\/i>\t\t\t<\/div>\n\t\t<\/div>\n\t\t\t\t\t\t<\/div>\n\t\t<div class=\"elementor-element elementor-element-3264866 e-con-full e-flex e-con e-child\" data-id=\"3264866\" data-element_type=\"container\" data-settings=\"{&quot;background_background&quot;:&quot;classic&quot;}\">\n\t\t\t\t<div class=\"elementor-element elementor-element-c26d9c8 elementor-widget elementor-widget-heading\" data-id=\"c26d9c8\" data-element_type=\"widget\" data-widget_type=\"heading.default\">\n\t\t\t\t\t<h4 class=\"elementor-heading-title elementor-size-default\">Activit\u00e9s li\u00e9es aux ERP et \u00e0 la tr\u00e9sorerie\t<\/h4>\t\t\t\t<\/div>\n\t\t\t\t<div class=\"elementor-element elementor-element-0dd237f elementor-widget elementor-widget-text-editor\" data-id=\"0dd237f\" data-element_type=\"widget\" data-widget_type=\"text-editor.default\">\n\t\t\t\t\t\t\t\t\t<p>Int\u00e9gration de multiples sources de donn\u00e9es, flux dynamiques et mod\u00e9lisation par IA, rapprochement pr\u00e9visions\/r\u00e9alisations et analyses d\u00e9taill\u00e9es des \u00e9carts.<\/p>\t\t\t\t\t\t\t\t<\/div>\n\t\t\t\t<\/div>\n\t\t\t\t<\/div>\n\t\t<div class=\"elementor-element elementor-element-45318d1 elementor-invisible e-con-full vamtam-icon-hover-parent animated-fast e-flex e-con e-child\" data-id=\"45318d1\" data-element_type=\"container\" data-settings=\"{&quot;background_background&quot;:&quot;classic&quot;,&quot;animation&quot;:&quot;slideInUp&quot;,&quot;animation_delay&quot;:0}\">\n\t\t\t\t<div class=\"vamtam-has-theme-widget-styles elementor-element elementor-element-56ba183 elementor-view-stacked vamtam-has-parent-hover elementor-shape-circle elementor-widget elementor-widget-icon\" data-id=\"56ba183\" data-element_type=\"widget\" data-widget_type=\"icon.default\">\n\t\t\t\t\t\t\t<div class=\"elementor-icon-wrapper\">\n\t\t\t<div class=\"elementor-icon\">\n\t\t\t<i aria-hidden=\"true\" class=\"vamtamtheme- vamtam-theme-check\"><\/i>\t\t\t<\/div>\n\t\t<\/div>\n\t\t\t\t\t\t<\/div>\n\t\t<div class=\"elementor-element elementor-element-5204268 e-con-full e-flex e-con e-child\" data-id=\"5204268\" data-element_type=\"container\" data-settings=\"{&quot;background_background&quot;:&quot;classic&quot;}\">\n\t\t\t\t<div class=\"elementor-element elementor-element-f4d239e elementor-widget elementor-widget-heading\" data-id=\"f4d239e\" data-element_type=\"widget\" data-widget_type=\"heading.default\">\n\t\t\t\t\t<h4 class=\"elementor-heading-title elementor-size-default\">Int\u00e9gration des risques financiers<\/h4>\t\t\t\t<\/div>\n\t\t\t\t<div class=\"elementor-element elementor-element-2f91f91 elementor-widget elementor-widget-text-editor\" data-id=\"2f91f91\" data-element_type=\"widget\" data-widget_type=\"text-editor.default\">\n\t\t\t\t\t\t\t\t\t<p>Suivi des investissements et des financements, valorisation des produits d\u00e9riv\u00e9s et comptabilit\u00e9 de couverture int\u00e9gr\u00e9s aux cadres de gestion des risques.<\/p>\t\t\t\t\t\t\t\t<\/div>\n\t\t\t\t<\/div>\n\t\t\t\t<\/div>\n\t\t\t\t<\/div>\n\t\t\t\t<div class=\"vamtam-has-theme-widget-styles elementor-element elementor-element-f337345 vamtam-icon-pos-row-reverse vamtam-has-icon-styles vamtam-has-hover-anim vamtam-has-outside-icon elementor-mobile-align-center elementor-widget elementor-widget-button\" data-id=\"f337345\" data-element_type=\"widget\" data-widget_type=\"button.default\">\n\t\t\t\t\t\t\t\t\t\t<a class=\"elementor-button elementor-button-link elementor-size-sm\" href=\"\/fr\/contact\/\">\n\t\t\t\t\t\t<span class=\"elementor-button-content-wrapper\">\n\t\t\t\t\t\t<span class=\"elementor-button-icon\">\n\t\t\t\t<i aria-hidden=\"true\" class=\"vamtamtheme- vamtam-theme-arrow-link-up\"><\/i>\t\t\t<\/span>\n\t\t\t\t\t\t\t\t\t<span class=\"elementor-button-text\">Contactez-nous<\/span>\n\t\t\t\t\t<\/span>\n\t\t\t\t\t<\/a>\n\t\t\t\t\t\t\t\t<\/div>\n\t\t\t\t\t<\/div>\n\t\t\t\t<\/div>\n\t\t<div class=\"elementor-element elementor-element-7a1fb2d e-flex e-con-boxed e-con e-child\" data-id=\"7a1fb2d\" data-element_type=\"container\" data-settings=\"{&quot;background_background&quot;:&quot;classic&quot;}\">\n\t\t\t\t\t<div class=\"e-con-inner\">\n\t\t\t\t<div class=\"elementor-element elementor-element-ed6cc9b elementor-invisible elementor-widget__width-initial animated-fast elementor-widget elementor-widget-heading\" data-id=\"ed6cc9b\" data-element_type=\"widget\" data-settings=\"{&quot;_animation&quot;:&quot;fadeIn&quot;}\" data-widget_type=\"heading.default\">\n\t\t\t\t\t<h3 class=\"elementor-heading-title elementor-size-default\">De la tr\u00e9sorerie r\u00e9active \u00e0 la fonction strat\u00e9gique<\/h3>\t\t\t\t<\/div>\n\t\t\t\t<div class=\"elementor-element elementor-element-53d8b38 elementor-widget elementor-widget-heading\" data-id=\"53d8b38\" data-element_type=\"widget\" data-widget_type=\"heading.default\">\n\t\t\t\t\t<p class=\"elementor-heading-title elementor-size-default\">Gr\u00e2ce \u00e0 Kyriba, nous aidons les entreprises \u00e0 passer d\u2019une tr\u00e9sorerie r\u00e9active \u00e0 une fonction strat\u00e9gique, avec davantage de visibilit\u00e9,<br> plus de contr\u00f4le et l\u2019agilit\u00e9 n\u00e9cessaire pour anticiper l\u2019avenir.<\/p>\t\t\t\t<\/div>\n\t\t\t\t\t<\/div>\n\t\t\t\t<\/div>\n\t\t\t\t<\/div>","protected":false},"excerpt":{"rendered":"<p>Treasury and Liquidity Risk Management Expert Kyriba implementation and liquidity management. Transform treasury with cloud platform solutions and certified expertise. Modern Liquidity Management Managing liquidity requires much more than spreadsheets. It requires real-time visibility, automated processes and integration of financial risks. We support companies in deploying the Kyriba cloud platform to transform their treasury, payment&#8230;<\/p>","protected":false},"author":1,"featured_media":0,"parent":0,"menu_order":0,"comment_status":"closed","ping_status":"closed","template":"","meta":{"footnotes":""},"class_list":["post-988760","page","type-page","status-publish","hentry"],"yoast_head":"<!-- This site is optimized with the Yoast SEO plugin v26.1.1 - https:\/\/yoast.com\/wordpress\/plugins\/seo\/ -->\n<title>Liquidity Management &amp; Treasury Solutions | Kyriba Experts<\/title>\n<meta name=\"description\" content=\"Transform your treasury operations with Kyriba cloud solutions. Expert liquidity management, automated processes &amp; real-time visibility.\" \/>\n<meta name=\"robots\" content=\"index, follow, max-snippet:-1, max-image-preview:large, max-video-preview:-1\" \/>\n<link rel=\"canonical\" href=\"https:\/\/v2.finmetrix.com\/liquidity-treaasury-solutions\/\" \/>\n<meta property=\"og:locale\" content=\"fr_CA\" \/>\n<meta property=\"og:type\" content=\"article\" \/>\n<meta property=\"og:title\" content=\"Liquidity Management &amp; Treasury Solutions | Kyriba Experts\" \/>\n<meta property=\"og:description\" content=\"Transform your treasury operations with Kyriba cloud solutions. Expert liquidity management, automated processes &amp; real-time visibility.\" \/>\n<meta property=\"og:url\" content=\"https:\/\/v2.finmetrix.com\/liquidity-treaasury-solutions\/\" \/>\n<meta property=\"og:site_name\" content=\"FINMETRIX\" \/>\n<meta property=\"article:modified_time\" content=\"2025-11-18T16:04:32+00:00\" \/>\n<meta property=\"og:image\" content=\"https:\/\/seashell-lyrebird-743536.hostingersite.com\/wp-content\/uploads\/2025\/09\/1967-min-1024x1024.jpg\" \/>\n<meta name=\"twitter:card\" content=\"summary_large_image\" \/>\n<meta name=\"twitter:label1\" content=\"Estimation du temps de lecture\" \/>\n\t<meta name=\"twitter:data1\" content=\"1 minute\" \/>\n<script type=\"application\/ld+json\" class=\"yoast-schema-graph\">{\"@context\":\"https:\/\/schema.org\",\"@graph\":[{\"@type\":\"WebPage\",\"@id\":\"https:\/\/v2.finmetrix.com\/liquidity-treaasury-solutions\/\",\"url\":\"https:\/\/v2.finmetrix.com\/liquidity-treaasury-solutions\/\",\"name\":\"Liquidity Management & Treasury Solutions | Kyriba Experts\",\"isPartOf\":{\"@id\":\"https:\/\/v2.finmetrix.com\/#website\"},\"primaryImageOfPage\":{\"@id\":\"https:\/\/v2.finmetrix.com\/liquidity-treaasury-solutions\/#primaryimage\"},\"image\":{\"@id\":\"https:\/\/v2.finmetrix.com\/liquidity-treaasury-solutions\/#primaryimage\"},\"thumbnailUrl\":\"https:\/\/seashell-lyrebird-743536.hostingersite.com\/wp-content\/uploads\/2025\/09\/1967-min-1024x1024.jpg\",\"datePublished\":\"2025-09-08T05:17:47+00:00\",\"dateModified\":\"2025-11-18T16:04:32+00:00\",\"description\":\"Transform your treasury operations with Kyriba cloud solutions. Expert liquidity management, automated processes & real-time visibility.\",\"breadcrumb\":{\"@id\":\"https:\/\/v2.finmetrix.com\/liquidity-treaasury-solutions\/#breadcrumb\"},\"inLanguage\":\"fr-CA\",\"potentialAction\":[{\"@type\":\"ReadAction\",\"target\":[\"https:\/\/v2.finmetrix.com\/liquidity-treaasury-solutions\/\"]}]},{\"@type\":\"ImageObject\",\"inLanguage\":\"fr-CA\",\"@id\":\"https:\/\/v2.finmetrix.com\/liquidity-treaasury-solutions\/#primaryimage\",\"url\":\"https:\/\/seashell-lyrebird-743536.hostingersite.com\/wp-content\/uploads\/2025\/09\/1967-min-1024x1024.jpg\",\"contentUrl\":\"https:\/\/seashell-lyrebird-743536.hostingersite.com\/wp-content\/uploads\/2025\/09\/1967-min-1024x1024.jpg\"},{\"@type\":\"BreadcrumbList\",\"@id\":\"https:\/\/v2.finmetrix.com\/liquidity-treaasury-solutions\/#breadcrumb\",\"itemListElement\":[{\"@type\":\"ListItem\",\"position\":1,\"name\":\"Home\",\"item\":\"https:\/\/finmetrix.com\/\"},{\"@type\":\"ListItem\",\"position\":2,\"name\":\"Liquidity &#038; Treasury Solutions\"}]},{\"@type\":\"WebSite\",\"@id\":\"https:\/\/v2.finmetrix.com\/#website\",\"url\":\"https:\/\/v2.finmetrix.com\/\",\"name\":\"FINMETRIX\",\"description\":\"Financial Consulting + Risk Management\",\"publisher\":{\"@id\":\"https:\/\/v2.finmetrix.com\/#organization\"},\"potentialAction\":[{\"@type\":\"SearchAction\",\"target\":{\"@type\":\"EntryPoint\",\"urlTemplate\":\"https:\/\/v2.finmetrix.com\/?s={search_term_string}\"},\"query-input\":{\"@type\":\"PropertyValueSpecification\",\"valueRequired\":true,\"valueName\":\"search_term_string\"}}],\"inLanguage\":\"fr-CA\"},{\"@type\":\"Organization\",\"@id\":\"https:\/\/v2.finmetrix.com\/#organization\",\"name\":\"FINMETRIX\",\"url\":\"https:\/\/v2.finmetrix.com\/\",\"logo\":{\"@type\":\"ImageObject\",\"inLanguage\":\"fr-CA\",\"@id\":\"https:\/\/v2.finmetrix.com\/#\/schema\/logo\/image\/\",\"url\":\"https:\/\/finmetrix.com\/wp-content\/uploads\/2025\/02\/Image-scaled.png\",\"contentUrl\":\"https:\/\/finmetrix.com\/wp-content\/uploads\/2025\/02\/Image-scaled.png\",\"width\":2560,\"height\":425,\"caption\":\"FINMETRIX\"},\"image\":{\"@id\":\"https:\/\/v2.finmetrix.com\/#\/schema\/logo\/image\/\"}}]}<\/script>\n<!-- \/ Yoast SEO plugin. -->","yoast_head_json":{"title":"Liquidity Management & Treasury Solutions | Kyriba Experts","description":"Transform your treasury operations with Kyriba cloud solutions. Expert liquidity management, automated processes & real-time visibility.","robots":{"index":"index","follow":"follow","max-snippet":"max-snippet:-1","max-image-preview":"max-image-preview:large","max-video-preview":"max-video-preview:-1"},"canonical":"https:\/\/v2.finmetrix.com\/liquidity-treaasury-solutions\/","og_locale":"fr_CA","og_type":"article","og_title":"Liquidity Management & Treasury Solutions | Kyriba Experts","og_description":"Transform your treasury operations with Kyriba cloud solutions. Expert liquidity management, automated processes & real-time visibility.","og_url":"https:\/\/v2.finmetrix.com\/liquidity-treaasury-solutions\/","og_site_name":"FINMETRIX","article_modified_time":"2025-11-18T16:04:32+00:00","og_image":[{"url":"https:\/\/seashell-lyrebird-743536.hostingersite.com\/wp-content\/uploads\/2025\/09\/1967-min-1024x1024.jpg","type":"","width":"","height":""}],"twitter_card":"summary_large_image","twitter_misc":{"Estimation du temps de lecture":"1 minute"},"schema":{"@context":"https:\/\/schema.org","@graph":[{"@type":"WebPage","@id":"https:\/\/v2.finmetrix.com\/liquidity-treaasury-solutions\/","url":"https:\/\/v2.finmetrix.com\/liquidity-treaasury-solutions\/","name":"Liquidity Management & Treasury Solutions | Kyriba Experts","isPartOf":{"@id":"https:\/\/v2.finmetrix.com\/#website"},"primaryImageOfPage":{"@id":"https:\/\/v2.finmetrix.com\/liquidity-treaasury-solutions\/#primaryimage"},"image":{"@id":"https:\/\/v2.finmetrix.com\/liquidity-treaasury-solutions\/#primaryimage"},"thumbnailUrl":"https:\/\/seashell-lyrebird-743536.hostingersite.com\/wp-content\/uploads\/2025\/09\/1967-min-1024x1024.jpg","datePublished":"2025-09-08T05:17:47+00:00","dateModified":"2025-11-18T16:04:32+00:00","description":"Transform your treasury operations with Kyriba cloud solutions. Expert liquidity management, automated processes & real-time visibility.","breadcrumb":{"@id":"https:\/\/v2.finmetrix.com\/liquidity-treaasury-solutions\/#breadcrumb"},"inLanguage":"fr-CA","potentialAction":[{"@type":"ReadAction","target":["https:\/\/v2.finmetrix.com\/liquidity-treaasury-solutions\/"]}]},{"@type":"ImageObject","inLanguage":"fr-CA","@id":"https:\/\/v2.finmetrix.com\/liquidity-treaasury-solutions\/#primaryimage","url":"https:\/\/seashell-lyrebird-743536.hostingersite.com\/wp-content\/uploads\/2025\/09\/1967-min-1024x1024.jpg","contentUrl":"https:\/\/seashell-lyrebird-743536.hostingersite.com\/wp-content\/uploads\/2025\/09\/1967-min-1024x1024.jpg"},{"@type":"BreadcrumbList","@id":"https:\/\/v2.finmetrix.com\/liquidity-treaasury-solutions\/#breadcrumb","itemListElement":[{"@type":"ListItem","position":1,"name":"Home","item":"https:\/\/finmetrix.com\/"},{"@type":"ListItem","position":2,"name":"Liquidity &#038; Treasury Solutions"}]},{"@type":"WebSite","@id":"https:\/\/v2.finmetrix.com\/#website","url":"https:\/\/v2.finmetrix.com\/","name":"FINMETRIX","description":"Financial Consulting + Risk Management","publisher":{"@id":"https:\/\/v2.finmetrix.com\/#organization"},"potentialAction":[{"@type":"SearchAction","target":{"@type":"EntryPoint","urlTemplate":"https:\/\/v2.finmetrix.com\/?s={search_term_string}"},"query-input":{"@type":"PropertyValueSpecification","valueRequired":true,"valueName":"search_term_string"}}],"inLanguage":"fr-CA"},{"@type":"Organization","@id":"https:\/\/v2.finmetrix.com\/#organization","name":"FINMETRIX","url":"https:\/\/v2.finmetrix.com\/","logo":{"@type":"ImageObject","inLanguage":"fr-CA","@id":"https:\/\/v2.finmetrix.com\/#\/schema\/logo\/image\/","url":"https:\/\/finmetrix.com\/wp-content\/uploads\/2025\/02\/Image-scaled.png","contentUrl":"https:\/\/finmetrix.com\/wp-content\/uploads\/2025\/02\/Image-scaled.png","width":2560,"height":425,"caption":"FINMETRIX"},"image":{"@id":"https:\/\/v2.finmetrix.com\/#\/schema\/logo\/image\/"}}]}},"_links":{"self":[{"href":"https:\/\/finmetrix.com\/fr\/wp-json\/wp\/v2\/pages\/988760","targetHints":{"allow":["GET"]}}],"collection":[{"href":"https:\/\/finmetrix.com\/fr\/wp-json\/wp\/v2\/pages"}],"about":[{"href":"https:\/\/finmetrix.com\/fr\/wp-json\/wp\/v2\/types\/page"}],"author":[{"embeddable":true,"href":"https:\/\/finmetrix.com\/fr\/wp-json\/wp\/v2\/users\/1"}],"replies":[{"embeddable":true,"href":"https:\/\/finmetrix.com\/fr\/wp-json\/wp\/v2\/comments?post=988760"}],"version-history":[{"count":113,"href":"https:\/\/finmetrix.com\/fr\/wp-json\/wp\/v2\/pages\/988760\/revisions"}],"predecessor-version":[{"id":991900,"href":"https:\/\/finmetrix.com\/fr\/wp-json\/wp\/v2\/pages\/988760\/revisions\/991900"}],"wp:attachment":[{"href":"https:\/\/finmetrix.com\/fr\/wp-json\/wp\/v2\/media?parent=988760"}],"curies":[{"name":"wp","href":"https:\/\/api.w.org\/{rel}","templated":true}]}}