{"id":990582,"date":"2025-10-13T05:24:58","date_gmt":"2025-10-13T05:24:58","guid":{"rendered":"https:\/\/seashell-lyrebird-743536.hostingersite.com\/?page_id=990582"},"modified":"2025-10-26T19:00:03","modified_gmt":"2025-10-26T19:00:03","slug":"client-access","status":"publish","type":"page","link":"https:\/\/finmetrix.com\/fr\/client-access\/","title":{"rendered":"Acc\u00e8s client"},"content":{"rendered":"<div data-elementor-type=\"wp-page\" data-elementor-id=\"990582\" class=\"elementor elementor-990582\" data-elementor-post-type=\"page\">\n\t\t\t\t<div class=\"elementor-element elementor-element-0ed66b0 e-flex e-con-boxed e-con e-parent\" data-id=\"0ed66b0\" data-element_type=\"container\" data-settings=\"{&quot;background_background&quot;:&quot;classic&quot;}\">\n\t\t\t\t\t<div class=\"e-con-inner\">\n\t\t\t\t<div class=\"elementor-element elementor-element-780e7ee elementor-invisible elementor-widget-mobile__width-auto animated-fast elementor-widget elementor-widget-heading\" data-id=\"780e7ee\" data-element_type=\"widget\" data-settings=\"{&quot;_animation&quot;:&quot;fadeInUp&quot;,&quot;_animation_delay&quot;:0}\" data-widget_type=\"heading.default\">\n\t\t\t\t\t<h1 class=\"elementor-heading-title elementor-size-default\">Acc\u00e8s client<\/h1>\t\t\t\t<\/div>\n\t\t\t\t<div class=\"elementor-element elementor-element-7487600 elementor-widget elementor-widget-text-editor\" data-id=\"7487600\" data-element_type=\"widget\" data-widget_type=\"text-editor.default\">\n\t\t\t\t\t\t\t\t\t<p>Acc\u00e8s s\u00e9curis\u00e9 \u00e0 vos plateformes de gestion financi\u00e8re et de risques.<\/p>\t\t\t\t\t\t\t\t<\/div>\n\t\t\t\t\t<\/div>\n\t\t\t\t<\/div>\n\t\t<div class=\"elementor-element elementor-element-fb56aef e-flex e-con-boxed e-con e-parent\" data-id=\"fb56aef\" data-element_type=\"container\">\n\t\t\t\t\t<div class=\"e-con-inner\">\n\t\t<div class=\"elementor-element elementor-element-d54ec6a e-con-full e-flex e-con e-child\" data-id=\"d54ec6a\" data-element_type=\"container\">\n\t\t\t\t<div class=\"elementor-element elementor-element-c06d23d elementor-invisible elementor-widget__width-inherit animated-fast elementor-widget elementor-widget-heading\" data-id=\"c06d23d\" data-element_type=\"widget\" data-settings=\"{&quot;_animation&quot;:&quot;fadeIn&quot;,&quot;_animation_delay&quot;:0}\" data-widget_type=\"heading.default\">\n\t\t\t\t\t<h2 class=\"elementor-heading-title elementor-size-default\">Centre de gestion des risques financiers FINMETRIX<\/h2>\t\t\t\t<\/div>\n\t\t\t\t<div class=\"elementor-element elementor-element-438516a elementor-widget elementor-widget-text-editor\" data-id=\"438516a\" data-element_type=\"widget\" data-widget_type=\"text-editor.default\">\n\t\t\t\t\t\t\t\t\t<p>Acc\u00e9dez \u00e0 votre environnement de gestion des risques financiers et de la performance via notre hub int\u00e9gr\u00e9 FINMETRIX \u2014 pour plus de clart\u00e9, de contr\u00f4le et de visibilit\u00e9 sur vos op\u00e9rations financi\u00e8res.<\/p>\t\t\t\t\t\t\t\t<\/div>\n\t\t\t\t<div class=\"vamtam-has-theme-widget-styles elementor-element elementor-element-1633665 elementor-invisible animated-fast elementor-align-left elementor-widget elementor-widget-button\" data-id=\"1633665\" data-element_type=\"widget\" data-settings=\"{&quot;_animation&quot;:&quot;fadeIn&quot;,&quot;_animation_delay&quot;:200}\" data-widget_type=\"button.default\">\n\t\t\t\t\t\t\t\t\t\t<a class=\"elementor-button elementor-button-link elementor-size-sm\" href=\"https:\/\/finmetrix.visionap.com\/login\">\n\t\t\t\t\t\t<span class=\"elementor-button-content-wrapper\">\n\t\t\t\t\t\t\t\t\t<span class=\"elementor-button-text\">Portail d'acc\u00e8s<\/span>\n\t\t\t\t\t<\/span>\n\t\t\t\t\t<\/a>\n\t\t\t\t\t\t\t\t<\/div>\n\t\t\t\t<\/div>\n\t\t<div class=\"elementor-element elementor-element-52db879 e-con-full e-flex e-con e-child\" data-id=\"52db879\" data-element_type=\"container\">\n\t\t\t\t<div class=\"elementor-element elementor-element-332edf1 elementor-widget elementor-widget-image\" data-id=\"332edf1\" data-element_type=\"widget\" data-widget_type=\"image.default\">\n\t\t\t\t\t\t\t\t\t\t\t\t\t\t\t<img fetchpriority=\"high\" decoding=\"async\" width=\"1024\" height=\"423\" src=\"https:\/\/finmetrix.com\/wp-content\/uploads\/2025\/10\/Runway-2025-10-17T10_37_35.245Z-Upscale-Image-Upscaled-Image-4653-x-1920-1024x423.jpg\" class=\"attachment-large size-large wp-image-991272\" alt=\"\" srcset=\"https:\/\/finmetrix.com\/wp-content\/uploads\/2025\/10\/Runway-2025-10-17T10_37_35.245Z-Upscale-Image-Upscaled-Image-4653-x-1920-1024x423.jpg 1024w, https:\/\/finmetrix.com\/wp-content\/uploads\/2025\/10\/Runway-2025-10-17T10_37_35.245Z-Upscale-Image-Upscaled-Image-4653-x-1920-300x124.jpg 300w, https:\/\/finmetrix.com\/wp-content\/uploads\/2025\/10\/Runway-2025-10-17T10_37_35.245Z-Upscale-Image-Upscaled-Image-4653-x-1920-768x317.jpg 768w, https:\/\/finmetrix.com\/wp-content\/uploads\/2025\/10\/Runway-2025-10-17T10_37_35.245Z-Upscale-Image-Upscaled-Image-4653-x-1920-1536x634.jpg 1536w, https:\/\/finmetrix.com\/wp-content\/uploads\/2025\/10\/Runway-2025-10-17T10_37_35.245Z-Upscale-Image-Upscaled-Image-4653-x-1920-2048x845.jpg 2048w, https:\/\/finmetrix.com\/wp-content\/uploads\/2025\/10\/Runway-2025-10-17T10_37_35.245Z-Upscale-Image-Upscaled-Image-4653-x-1920-18x7.jpg 18w\" sizes=\"(max-width: 1024px) 100vw, 1024px\" \/>\t\t\t\t\t\t\t\t\t\t\t\t\t\t\t<\/div>\n\t\t\t\t<\/div>\n\t\t\t\t\t<\/div>\n\t\t\t\t<\/div>\n\t\t<div class=\"elementor-element elementor-element-1fd7e1a e-flex e-con-boxed e-con e-parent\" data-id=\"1fd7e1a\" data-element_type=\"container\">\n\t\t\t\t\t<div class=\"e-con-inner\">\n\t\t<div class=\"elementor-element elementor-element-2be3928 e-con-full e-flex e-con e-child\" data-id=\"2be3928\" data-element_type=\"container\">\n\t\t\t\t<div class=\"elementor-element elementor-element-60f6095 elementor-invisible elementor-widget__width-inherit animated-fast elementor-widget elementor-widget-heading\" data-id=\"60f6095\" data-element_type=\"widget\" data-settings=\"{&quot;_animation&quot;:&quot;fadeIn&quot;,&quot;_animation_delay&quot;:0}\" data-widget_type=\"heading.default\">\n\t\t\t\t\t<h2 class=\"elementor-heading-title elementor-size-default\">Plateformes Kyriba<\/h2>\t\t\t\t<\/div>\n\t\t\t\t<div class=\"elementor-element elementor-element-bf2c78f elementor-widget elementor-widget-text-editor\" data-id=\"bf2c78f\" data-element_type=\"widget\" data-widget_type=\"text-editor.default\">\n\t\t\t\t\t\t\t\t\t<p>Nos syst\u00e8mes de gestion de tr\u00e9sorerie et de liquidit\u00e9s sont propuls\u00e9s par Kyriba - un leader mondial <br \/>reconnu des solutions financi\u00e8res bas\u00e9es sur le cloud.<\/p>\t\t\t\t\t\t\t\t<\/div>\n\t\t\t\t<\/div>\n\t\t\t\t\t<\/div>\n\t\t\t\t<\/div>\n\t\t<div class=\"elementor-element elementor-element-cecbba1 e-flex e-con-boxed e-con e-parent\" data-id=\"cecbba1\" data-element_type=\"container\">\n\t\t\t\t\t<div class=\"e-con-inner\">\n\t\t<div class=\"elementor-element elementor-element-2000793 e-con-full e-flex e-con e-child\" data-id=\"2000793\" data-element_type=\"container\" data-settings=\"{&quot;background_background&quot;:&quot;classic&quot;}\">\n\t\t\t\t<div class=\"elementor-element elementor-element-a441dfb elementor-widget elementor-widget-image\" data-id=\"a441dfb\" data-element_type=\"widget\" data-widget_type=\"image.default\">\n\t\t\t\t\t\t\t\t\t\t\t\t\t\t\t<img decoding=\"async\" width=\"1024\" height=\"683\" src=\"https:\/\/finmetrix.com\/wp-content\/uploads\/2025\/10\/1logo-1-1024x683.jpg\" class=\"attachment-large size-large wp-image-991382\" alt=\"\" srcset=\"https:\/\/finmetrix.com\/wp-content\/uploads\/2025\/10\/1logo-1-1024x683.jpg 1024w, https:\/\/finmetrix.com\/wp-content\/uploads\/2025\/10\/1logo-1-300x200.jpg 300w, https:\/\/finmetrix.com\/wp-content\/uploads\/2025\/10\/1logo-1-768x512.jpg 768w, https:\/\/finmetrix.com\/wp-content\/uploads\/2025\/10\/1logo-1-18x12.jpg 18w, https:\/\/finmetrix.com\/wp-content\/uploads\/2025\/10\/1logo-1.jpg 1200w\" sizes=\"(max-width: 1024px) 100vw, 1024px\" \/>\t\t\t\t\t\t\t\t\t\t\t\t\t\t\t<\/div>\n\t\t\t\t<div class=\"elementor-element elementor-element-8862816 elementor-widget elementor-widget-heading\" data-id=\"8862816\" data-element_type=\"widget\" data-widget_type=\"heading.default\">\n\t\t\t\t\t<h4 class=\"elementor-heading-title elementor-size-default\">Quartz Kyriba<\/h4>\t\t\t\t<\/div>\n\t\t\t\t<div class=\"elementor-element elementor-element-25df7fc elementor-widget elementor-widget-text-editor\" data-id=\"25df7fc\" data-element_type=\"widget\" data-widget_type=\"text-editor.default\">\n\t\t\t\t\t\t\t\t\t<p>G\u00e9rez vos principales op\u00e9rations de tr\u00e9sorerie avec des analyses avanc\u00e9es et une int\u00e9gration s\u00e9curis\u00e9e.<\/p>\t\t\t\t\t\t\t\t<\/div>\n\t\t\t\t<div class=\"vamtam-has-theme-widget-styles elementor-element elementor-element-e293684 elementor-invisible animated-fast elementor-widget elementor-widget-button\" data-id=\"e293684\" data-element_type=\"widget\" data-settings=\"{&quot;_animation&quot;:&quot;fadeIn&quot;,&quot;_animation_delay&quot;:200}\" data-widget_type=\"button.default\">\n\t\t\t\t\t\t\t\t\t\t<a class=\"elementor-button elementor-button-link elementor-size-sm\" href=\"https:\/\/quartz.treasury-factory.com\/user\/login\">\n\t\t\t\t\t\t<span class=\"elementor-button-content-wrapper\">\n\t\t\t\t\t\t\t\t\t<span class=\"elementor-button-text\">Portail d'acc\u00e8s<\/span>\n\t\t\t\t\t<\/span>\n\t\t\t\t\t<\/a>\n\t\t\t\t\t\t\t\t<\/div>\n\t\t\t\t<div class=\"elementor-element elementor-element-cf96c4b elementor-widget elementor-widget-text-editor\" data-id=\"cf96c4b\" data-element_type=\"widget\" data-widget_type=\"text-editor.default\">\n\t\t\t\t\t\t\t\t\t<p>Propuls\u00e9 par Kyriba<\/p>\t\t\t\t\t\t\t\t<\/div>\n\t\t\t\t<\/div>\n\t\t<div class=\"elementor-element elementor-element-aed3798 e-con-full e-flex e-con e-child\" data-id=\"aed3798\" data-element_type=\"container\" data-settings=\"{&quot;background_background&quot;:&quot;classic&quot;}\">\n\t\t\t\t<div class=\"elementor-element elementor-element-4cbb277 elementor-widget elementor-widget-image\" data-id=\"4cbb277\" data-element_type=\"widget\" data-widget_type=\"image.default\">\n\t\t\t\t\t\t\t\t\t\t\t\t\t\t\t<img decoding=\"async\" width=\"1024\" height=\"683\" src=\"https:\/\/finmetrix.com\/wp-content\/uploads\/2025\/10\/2logo-1-1024x683.jpg\" class=\"attachment-large size-large wp-image-991383\" alt=\"\" srcset=\"https:\/\/finmetrix.com\/wp-content\/uploads\/2025\/10\/2logo-1-1024x683.jpg 1024w, https:\/\/finmetrix.com\/wp-content\/uploads\/2025\/10\/2logo-1-300x200.jpg 300w, https:\/\/finmetrix.com\/wp-content\/uploads\/2025\/10\/2logo-1-768x512.jpg 768w, https:\/\/finmetrix.com\/wp-content\/uploads\/2025\/10\/2logo-1-18x12.jpg 18w, https:\/\/finmetrix.com\/wp-content\/uploads\/2025\/10\/2logo-1.jpg 1200w\" sizes=\"(max-width: 1024px) 100vw, 1024px\" \/>\t\t\t\t\t\t\t\t\t\t\t\t\t\t\t<\/div>\n\t\t\t\t<div class=\"elementor-element elementor-element-38660fb elementor-widget elementor-widget-heading\" data-id=\"38660fb\" data-element_type=\"widget\" data-widget_type=\"heading.default\">\n\t\t\t\t\t<h4 class=\"elementor-heading-title elementor-size-default\">Kyriba Ammolite<\/h4>\t\t\t\t<\/div>\n\t\t\t\t<div class=\"elementor-element elementor-element-fc7b622 elementor-widget elementor-widget-text-editor\" data-id=\"fc7b622\" data-element_type=\"widget\" data-widget_type=\"text-editor.default\">\n\t\t\t\t\t\t\t\t\t<p>Optimisez votre visibilit\u00e9 de tr\u00e9sorerie et vos performances financi\u00e8res gr\u00e2ce \u00e0 une automatisation de pointe.<\/p>\t\t\t\t\t\t\t\t<\/div>\n\t\t\t\t<div class=\"vamtam-has-theme-widget-styles elementor-element elementor-element-8991f34 elementor-invisible animated-fast elementor-widget elementor-widget-button\" data-id=\"8991f34\" data-element_type=\"widget\" data-settings=\"{&quot;_animation&quot;:&quot;fadeIn&quot;,&quot;_animation_delay&quot;:200}\" data-widget_type=\"button.default\">\n\t\t\t\t\t\t\t\t\t\t<a class=\"elementor-button elementor-button-link elementor-size-sm\" href=\"https:\/\/ammolite.treasury-factory.com\/user\/login\">\n\t\t\t\t\t\t<span class=\"elementor-button-content-wrapper\">\n\t\t\t\t\t\t\t\t\t<span class=\"elementor-button-text\">Portail d'acc\u00e8s<\/span>\n\t\t\t\t\t<\/span>\n\t\t\t\t\t<\/a>\n\t\t\t\t\t\t\t\t<\/div>\n\t\t\t\t<div class=\"elementor-element elementor-element-80ed6df elementor-widget elementor-widget-text-editor\" data-id=\"80ed6df\" data-element_type=\"widget\" data-widget_type=\"text-editor.default\">\n\t\t\t\t\t\t\t\t\t<p>Propuls\u00e9 par Kyriba<\/p>\t\t\t\t\t\t\t\t<\/div>\n\t\t\t\t<\/div>\n\t\t<div class=\"elementor-element elementor-element-16de3ed e-con-full e-flex e-con e-child\" data-id=\"16de3ed\" data-element_type=\"container\" data-settings=\"{&quot;background_background&quot;:&quot;classic&quot;}\">\n\t\t\t\t<div class=\"elementor-element elementor-element-722a1fd elementor-widget elementor-widget-image\" data-id=\"722a1fd\" data-element_type=\"widget\" data-widget_type=\"image.default\">\n\t\t\t\t\t\t\t\t\t\t\t\t\t\t\t<img loading=\"lazy\" decoding=\"async\" width=\"1024\" height=\"683\" src=\"https:\/\/finmetrix.com\/wp-content\/uploads\/2025\/10\/3logo-2-1024x683.jpg\" class=\"attachment-large size-large wp-image-991384\" alt=\"\" srcset=\"https:\/\/finmetrix.com\/wp-content\/uploads\/2025\/10\/3logo-2-1024x683.jpg 1024w, https:\/\/finmetrix.com\/wp-content\/uploads\/2025\/10\/3logo-2-300x200.jpg 300w, https:\/\/finmetrix.com\/wp-content\/uploads\/2025\/10\/3logo-2-768x512.jpg 768w, https:\/\/finmetrix.com\/wp-content\/uploads\/2025\/10\/3logo-2-18x12.jpg 18w, https:\/\/finmetrix.com\/wp-content\/uploads\/2025\/10\/3logo-2.jpg 1200w\" sizes=\"(max-width: 1024px) 100vw, 1024px\" \/>\t\t\t\t\t\t\t\t\t\t\t\t\t\t\t<\/div>\n\t\t\t\t<div class=\"elementor-element elementor-element-b18261a elementor-widget elementor-widget-heading\" data-id=\"b18261a\" data-element_type=\"widget\" data-widget_type=\"heading.default\">\n\t\t\t\t\t<h4 class=\"elementor-heading-title elementor-size-default\">Kyriba Topaz<\/h4>\t\t\t\t<\/div>\n\t\t\t\t<div class=\"elementor-element elementor-element-93a13fa elementor-widget elementor-widget-text-editor\" data-id=\"93a13fa\" data-element_type=\"widget\" data-widget_type=\"text-editor.default\">\n\t\t\t\t\t\t\t\t\t<p>Am\u00e9liorez vos processus de paiement et vos m\u00e9canismes de contr\u00f4le des risques \u00e0 l\u2019\u00e9chelle de votre organisation.<\/p>\t\t\t\t\t\t\t\t<\/div>\n\t\t\t\t<div class=\"vamtam-has-theme-widget-styles elementor-element elementor-element-5ce3e27 elementor-invisible animated-fast elementor-widget elementor-widget-button\" data-id=\"5ce3e27\" data-element_type=\"widget\" data-settings=\"{&quot;_animation&quot;:&quot;fadeIn&quot;,&quot;_animation_delay&quot;:200}\" data-widget_type=\"button.default\">\n\t\t\t\t\t\t\t\t\t\t<a class=\"elementor-button elementor-button-link elementor-size-sm\" href=\"https:\/\/topaz.treasury-factory.com\/user\/login\">\n\t\t\t\t\t\t<span class=\"elementor-button-content-wrapper\">\n\t\t\t\t\t\t\t\t\t<span class=\"elementor-button-text\">Portail d'acc\u00e8s<\/span>\n\t\t\t\t\t<\/span>\n\t\t\t\t\t<\/a>\n\t\t\t\t\t\t\t\t<\/div>\n\t\t\t\t<div class=\"elementor-element elementor-element-cde4dcd elementor-widget elementor-widget-text-editor\" data-id=\"cde4dcd\" data-element_type=\"widget\" data-widget_type=\"text-editor.default\">\n\t\t\t\t\t\t\t\t\t<p>Propuls\u00e9 par Kyriba<\/p>\t\t\t\t\t\t\t\t<\/div>\n\t\t\t\t<\/div>\n\t\t\t\t\t<\/div>\n\t\t\t\t<\/div>\n\t\t\t\t<\/div>","protected":false},"excerpt":{"rendered":"<p>Client Access Secure access to your financial and risk management platforms. FINMETRIX Financial Risk Management Hub Access your financial risk and performance management environment through our integrated FINMETRIX hub \u2014 providing clarity, control, and insight for your financial operations. Access Portal Kyriba Platforms Our treasury and liquidity management systems are powered by Kyriba \u2014 a&#8230;<\/p>","protected":false},"author":1,"featured_media":3655,"parent":0,"menu_order":0,"comment_status":"closed","ping_status":"closed","template":"","meta":{"footnotes":""},"class_list":["post-990582","page","type-page","status-publish","has-post-thumbnail","hentry"],"yoast_head":"<!-- This site is optimized with the Yoast SEO plugin v26.1.1 - https:\/\/yoast.com\/wordpress\/plugins\/seo\/ -->\n<title>Client Portal Access | FINMETRIX Risk Management Hub<\/title>\n<meta name=\"description\" content=\"Secure client portal access to FINMETRIX Risk Management Hub and Kyriba platforms. Manage treasury operations, cash visibility &amp; payment.\" \/>\n<meta name=\"robots\" content=\"index, follow, max-snippet:-1, max-image-preview:large, max-video-preview:-1\" \/>\n<link rel=\"canonical\" href=\"https:\/\/v2.finmetrix.com\/client-access\/\" \/>\n<meta property=\"og:locale\" content=\"fr_CA\" \/>\n<meta property=\"og:type\" content=\"article\" \/>\n<meta property=\"og:title\" content=\"Client Portal Access | FINMETRIX Risk Management Hub\" \/>\n<meta property=\"og:description\" content=\"Secure client portal access to FINMETRIX Risk Management Hub and Kyriba platforms. Manage treasury operations, cash visibility &amp; payment.\" \/>\n<meta property=\"og:url\" content=\"https:\/\/v2.finmetrix.com\/client-access\/\" \/>\n<meta property=\"og:site_name\" content=\"FINMETRIX\" \/>\n<meta property=\"article:modified_time\" content=\"2025-10-26T19:00:03+00:00\" \/>\n<meta property=\"og:image\" content=\"https:\/\/v2.finmetrix.com\/wp-content\/uploads\/2025\/02\/pexels-rdne-7490819.jpg\" \/>\n\t<meta property=\"og:image:width\" content=\"2558\" \/>\n\t<meta property=\"og:image:height\" content=\"1124\" \/>\n\t<meta property=\"og:image:type\" content=\"image\/jpeg\" \/>\n<meta name=\"twitter:card\" content=\"summary_large_image\" \/>\n<meta name=\"twitter:label1\" content=\"Estimation du temps de lecture\" \/>\n\t<meta name=\"twitter:data1\" content=\"1 minute\" \/>\n<script type=\"application\/ld+json\" class=\"yoast-schema-graph\">{\"@context\":\"https:\/\/schema.org\",\"@graph\":[{\"@type\":\"WebPage\",\"@id\":\"https:\/\/v2.finmetrix.com\/client-access\/\",\"url\":\"https:\/\/v2.finmetrix.com\/client-access\/\",\"name\":\"Client Portal Access | FINMETRIX Risk Management Hub\",\"isPartOf\":{\"@id\":\"https:\/\/v2.finmetrix.com\/#website\"},\"primaryImageOfPage\":{\"@id\":\"https:\/\/v2.finmetrix.com\/client-access\/#primaryimage\"},\"image\":{\"@id\":\"https:\/\/v2.finmetrix.com\/client-access\/#primaryimage\"},\"thumbnailUrl\":\"https:\/\/finmetrix.com\/wp-content\/uploads\/2025\/02\/pexels-rdne-7490819.jpg\",\"datePublished\":\"2025-10-13T05:24:58+00:00\",\"dateModified\":\"2025-10-26T19:00:03+00:00\",\"description\":\"Secure client portal access to FINMETRIX Risk Management Hub and Kyriba platforms. Manage treasury operations, cash visibility & payment.\",\"breadcrumb\":{\"@id\":\"https:\/\/v2.finmetrix.com\/client-access\/#breadcrumb\"},\"inLanguage\":\"fr-CA\",\"potentialAction\":[{\"@type\":\"ReadAction\",\"target\":[\"https:\/\/v2.finmetrix.com\/client-access\/\"]}]},{\"@type\":\"ImageObject\",\"inLanguage\":\"fr-CA\",\"@id\":\"https:\/\/v2.finmetrix.com\/client-access\/#primaryimage\",\"url\":\"https:\/\/finmetrix.com\/wp-content\/uploads\/2025\/02\/pexels-rdne-7490819.jpg\",\"contentUrl\":\"https:\/\/finmetrix.com\/wp-content\/uploads\/2025\/02\/pexels-rdne-7490819.jpg\",\"width\":2558,\"height\":1124},{\"@type\":\"BreadcrumbList\",\"@id\":\"https:\/\/v2.finmetrix.com\/client-access\/#breadcrumb\",\"itemListElement\":[{\"@type\":\"ListItem\",\"position\":1,\"name\":\"Home\",\"item\":\"https:\/\/finmetrix.com\/\"},{\"@type\":\"ListItem\",\"position\":2,\"name\":\"Client Access\"}]},{\"@type\":\"WebSite\",\"@id\":\"https:\/\/v2.finmetrix.com\/#website\",\"url\":\"https:\/\/v2.finmetrix.com\/\",\"name\":\"FINMETRIX\",\"description\":\"Financial Consulting + Risk Management\",\"publisher\":{\"@id\":\"https:\/\/v2.finmetrix.com\/#organization\"},\"potentialAction\":[{\"@type\":\"SearchAction\",\"target\":{\"@type\":\"EntryPoint\",\"urlTemplate\":\"https:\/\/v2.finmetrix.com\/?s={search_term_string}\"},\"query-input\":{\"@type\":\"PropertyValueSpecification\",\"valueRequired\":true,\"valueName\":\"search_term_string\"}}],\"inLanguage\":\"fr-CA\"},{\"@type\":\"Organization\",\"@id\":\"https:\/\/v2.finmetrix.com\/#organization\",\"name\":\"FINMETRIX\",\"url\":\"https:\/\/v2.finmetrix.com\/\",\"logo\":{\"@type\":\"ImageObject\",\"inLanguage\":\"fr-CA\",\"@id\":\"https:\/\/v2.finmetrix.com\/#\/schema\/logo\/image\/\",\"url\":\"https:\/\/finmetrix.com\/wp-content\/uploads\/2025\/02\/Image-scaled.png\",\"contentUrl\":\"https:\/\/finmetrix.com\/wp-content\/uploads\/2025\/02\/Image-scaled.png\",\"width\":2560,\"height\":425,\"caption\":\"FINMETRIX\"},\"image\":{\"@id\":\"https:\/\/v2.finmetrix.com\/#\/schema\/logo\/image\/\"}}]}<\/script>\n<!-- \/ Yoast SEO plugin. -->","yoast_head_json":{"title":"Client Portal Access | FINMETRIX Risk Management Hub","description":"Secure client portal access to FINMETRIX Risk Management Hub and Kyriba platforms. Manage treasury operations, cash visibility & payment.","robots":{"index":"index","follow":"follow","max-snippet":"max-snippet:-1","max-image-preview":"max-image-preview:large","max-video-preview":"max-video-preview:-1"},"canonical":"https:\/\/v2.finmetrix.com\/client-access\/","og_locale":"fr_CA","og_type":"article","og_title":"Client Portal Access | FINMETRIX Risk Management Hub","og_description":"Secure client portal access to FINMETRIX Risk Management Hub and Kyriba platforms. Manage treasury operations, cash visibility & payment.","og_url":"https:\/\/v2.finmetrix.com\/client-access\/","og_site_name":"FINMETRIX","article_modified_time":"2025-10-26T19:00:03+00:00","og_image":[{"width":2558,"height":1124,"url":"https:\/\/v2.finmetrix.com\/wp-content\/uploads\/2025\/02\/pexels-rdne-7490819.jpg","type":"image\/jpeg"}],"twitter_card":"summary_large_image","twitter_misc":{"Estimation du temps de lecture":"1 minute"},"schema":{"@context":"https:\/\/schema.org","@graph":[{"@type":"WebPage","@id":"https:\/\/v2.finmetrix.com\/client-access\/","url":"https:\/\/v2.finmetrix.com\/client-access\/","name":"Client Portal Access | FINMETRIX Risk Management Hub","isPartOf":{"@id":"https:\/\/v2.finmetrix.com\/#website"},"primaryImageOfPage":{"@id":"https:\/\/v2.finmetrix.com\/client-access\/#primaryimage"},"image":{"@id":"https:\/\/v2.finmetrix.com\/client-access\/#primaryimage"},"thumbnailUrl":"https:\/\/finmetrix.com\/wp-content\/uploads\/2025\/02\/pexels-rdne-7490819.jpg","datePublished":"2025-10-13T05:24:58+00:00","dateModified":"2025-10-26T19:00:03+00:00","description":"Secure client portal access to FINMETRIX Risk Management Hub and Kyriba platforms. Manage treasury operations, cash visibility & payment.","breadcrumb":{"@id":"https:\/\/v2.finmetrix.com\/client-access\/#breadcrumb"},"inLanguage":"fr-CA","potentialAction":[{"@type":"ReadAction","target":["https:\/\/v2.finmetrix.com\/client-access\/"]}]},{"@type":"ImageObject","inLanguage":"fr-CA","@id":"https:\/\/v2.finmetrix.com\/client-access\/#primaryimage","url":"https:\/\/finmetrix.com\/wp-content\/uploads\/2025\/02\/pexels-rdne-7490819.jpg","contentUrl":"https:\/\/finmetrix.com\/wp-content\/uploads\/2025\/02\/pexels-rdne-7490819.jpg","width":2558,"height":1124},{"@type":"BreadcrumbList","@id":"https:\/\/v2.finmetrix.com\/client-access\/#breadcrumb","itemListElement":[{"@type":"ListItem","position":1,"name":"Home","item":"https:\/\/finmetrix.com\/"},{"@type":"ListItem","position":2,"name":"Client Access"}]},{"@type":"WebSite","@id":"https:\/\/v2.finmetrix.com\/#website","url":"https:\/\/v2.finmetrix.com\/","name":"FINMETRIX","description":"Financial Consulting + Risk Management","publisher":{"@id":"https:\/\/v2.finmetrix.com\/#organization"},"potentialAction":[{"@type":"SearchAction","target":{"@type":"EntryPoint","urlTemplate":"https:\/\/v2.finmetrix.com\/?s={search_term_string}"},"query-input":{"@type":"PropertyValueSpecification","valueRequired":true,"valueName":"search_term_string"}}],"inLanguage":"fr-CA"},{"@type":"Organization","@id":"https:\/\/v2.finmetrix.com\/#organization","name":"FINMETRIX","url":"https:\/\/v2.finmetrix.com\/","logo":{"@type":"ImageObject","inLanguage":"fr-CA","@id":"https:\/\/v2.finmetrix.com\/#\/schema\/logo\/image\/","url":"https:\/\/finmetrix.com\/wp-content\/uploads\/2025\/02\/Image-scaled.png","contentUrl":"https:\/\/finmetrix.com\/wp-content\/uploads\/2025\/02\/Image-scaled.png","width":2560,"height":425,"caption":"FINMETRIX"},"image":{"@id":"https:\/\/v2.finmetrix.com\/#\/schema\/logo\/image\/"}}]}},"_links":{"self":[{"href":"https:\/\/finmetrix.com\/fr\/wp-json\/wp\/v2\/pages\/990582","targetHints":{"allow":["GET"]}}],"collection":[{"href":"https:\/\/finmetrix.com\/fr\/wp-json\/wp\/v2\/pages"}],"about":[{"href":"https:\/\/finmetrix.com\/fr\/wp-json\/wp\/v2\/types\/page"}],"author":[{"embeddable":true,"href":"https:\/\/finmetrix.com\/fr\/wp-json\/wp\/v2\/users\/1"}],"replies":[{"embeddable":true,"href":"https:\/\/finmetrix.com\/fr\/wp-json\/wp\/v2\/comments?post=990582"}],"version-history":[{"count":127,"href":"https:\/\/finmetrix.com\/fr\/wp-json\/wp\/v2\/pages\/990582\/revisions"}],"predecessor-version":[{"id":991565,"href":"https:\/\/finmetrix.com\/fr\/wp-json\/wp\/v2\/pages\/990582\/revisions\/991565"}],"wp:featuredmedia":[{"embeddable":true,"href":"https:\/\/finmetrix.com\/fr\/wp-json\/wp\/v2\/media\/3655"}],"wp:attachment":[{"href":"https:\/\/finmetrix.com\/fr\/wp-json\/wp\/v2\/media?parent=990582"}],"curies":[{"name":"wp","href":"https:\/\/api.w.org\/{rel}","templated":true}]}}